{"id":16779,"date":"2022-05-02T16:48:42","date_gmt":"2022-05-02T13:48:42","guid":{"rendered":"https:\/\/lammasyhdistys.fi\/anttila\/"},"modified":"2022-08-24T09:28:03","modified_gmt":"2022-08-24T06:28:03","slug":"anttila","status":"publish","type":"page","link":"https:\/\/lammasyhdistys.fi\/en\/anttila\/","title":{"rendered":"Anttila"},"content":{"rendered":"<div class=\"fusion-fullwidth fullwidth-box fusion-builder-row-1 fusion-flex-container nonhundred-percent-fullwidth non-hundred-percent-height-scrolling\" style=\"--awb-border-radius-top-left:0px;--awb-border-radius-top-right:0px;--awb-border-radius-bottom-right:0px;--awb-border-radius-bottom-left:0px;--awb-flex-wrap:wrap;\" ><div class=\"fusion-builder-row fusion-row fusion-flex-align-items-flex-start fusion-flex-content-wrap\" style=\"max-width:1248px;margin-left: calc(-4% \/ 2 );margin-right: calc(-4% \/ 2 );\"><div class=\"fusion-layout-column fusion_builder_column fusion-builder-column-0 fusion_builder_column_1_1 1_1 fusion-flex-column\" style=\"--awb-padding-right:30px;--awb-padding-left:30px;--awb-bg-size:cover;--awb-width-large:100%;--awb-margin-top-large:0px;--awb-spacing-right-large:7.68%;--awb-margin-bottom-large:0px;--awb-spacing-left-large:0%;--awb-width-medium:100%;--awb-spacing-right-medium:7.68%;--awb-spacing-left-medium:0%;--awb-width-small:100%;--awb-spacing-right-small:1.92%;--awb-spacing-left-small:1.92%;\"><div class=\"fusion-column-wrapper fusion-flex-justify-content-flex-start fusion-content-layout-column\"><div class=\"fusion-text fusion-text-1\"><p><img decoding=\"async\" class=\"alignright size-full wp-image-12239\" src=\"https:\/\/lammasyhdistys.fi\/wp-content\/uploads\/2022\/05\/logo_70x67_esittelyt.png\" alt=\"\" width=\"90\" height=\"66\" \/><\/p>\n<h1>Anttila<\/h1>\n<p><strong>Suffolk-rodun jalostuslampola 2022<\/strong><\/p>\n<p><strong>\u00a0<\/strong><\/p>\n<p><em><strong>Visio<br \/>\n<\/strong><\/em>Jalostaa helppohoitoisia nurmirehulla toimeentulevia hyv\u00e4kasvuisia ja -rakenteisia el\u00e4imi\u00e4.<\/p>\n<p><em><strong>Tuotantotapa<\/strong> <\/em>luomu<a href=\"https:\/\/lammasyhdistys.fi\/wp-content\/uploads\/2022\/05\/Anttila_suffolk_netti.jpg\"><img decoding=\"async\" class=\"alignright size-full wp-image-12234\" src=\"https:\/\/lammasyhdistys.fi\/wp-content\/uploads\/2022\/05\/Anttila_suffolk_netti.jpg\" alt=\"\" width=\"540\" height=\"406\" srcset=\"https:\/\/lammasyhdistys.fi\/wp-content\/uploads\/2022\/05\/Anttila_suffolk_netti-300x226.jpg 300w, https:\/\/lammasyhdistys.fi\/wp-content\/uploads\/2022\/05\/Anttila_suffolk_netti.jpg 540w\" sizes=\"(max-width: 540px) 100vw, 540px\" \/><\/a><\/p>\n<p><em><strong>Jalostuslampola <\/strong><\/em>vuodesta 2018<\/p>\n<p><em><strong>Linjat<\/strong><\/em><br \/>\nEi varsinaisia linjoja.<\/p>\n<p><em><strong>El\u00e4inm\u00e4\u00e4r\u00e4 2022<br \/>\n<\/strong><\/em>Uuhia 65 kpl (kaikki karitsoivat)<br \/>\nSiitosp\u00e4ssej\u00e4 10 kpl<\/p>\n<p><em><strong>Uuhien aikuisaino<\/strong><\/em> 85 kg<\/p>\n<p><em><strong>P\u00e4ssien aikuispaino <\/strong><\/em>100 kg<\/p>\n<p><em><strong>Karitsointirytmi 2022<br \/>\n<\/strong><\/em>Huhtikuu 50 kpl, kes\u00e4kuu 15 kpl<\/p>\n<p><strong>Jalostusarvosteltuja myynniss\u00e4<\/strong> alkusyksyst\u00e4<\/p>\n<p><em><strong>Orf +<\/strong><\/em><\/p>\n<p><em><strong>Yhteystiedot<br \/>\n<\/strong><\/em>Hannele Moisander<br \/>\nHaapastentie 1<br \/>\n16300 Orimattila<br \/>\n<a href=\"mailto:juha.moisander@aph-farming.fi\">juha.moisander@aph-farming.fi<\/a><\/p>\n<p>&nbsp;<\/p>\n<\/div><\/div><\/div><\/div><\/div>\n","protected":false},"excerpt":{"rendered":"","protected":false},"author":7,"featured_media":0,"parent":0,"menu_order":0,"comment_status":"closed","ping_status":"closed","template":"100-width.php","meta":{"footnotes":""},"class_list":["post-16779","page","type-page","status-publish","hentry"],"_links":{"self":[{"href":"https:\/\/lammasyhdistys.fi\/en\/wp-json\/wp\/v2\/pages\/16779","targetHints":{"allow":["GET"]}}],"collection":[{"href":"https:\/\/lammasyhdistys.fi\/en\/wp-json\/wp\/v2\/pages"}],"about":[{"href":"https:\/\/lammasyhdistys.fi\/en\/wp-json\/wp\/v2\/types\/page"}],"author":[{"embeddable":true,"href":"https:\/\/lammasyhdistys.fi\/en\/wp-json\/wp\/v2\/users\/7"}],"replies":[{"embeddable":true,"href":"https:\/\/lammasyhdistys.fi\/en\/wp-json\/wp\/v2\/comments?post=16779"}],"version-history":[{"count":3,"href":"https:\/\/lammasyhdistys.fi\/en\/wp-json\/wp\/v2\/pages\/16779\/revisions"}],"predecessor-version":[{"id":17779,"href":"https:\/\/lammasyhdistys.fi\/en\/wp-json\/wp\/v2\/pages\/16779\/revisions\/17779"}],"wp:attachment":[{"href":"https:\/\/lammasyhdistys.fi\/en\/wp-json\/wp\/v2\/media?parent=16779"}],"curies":[{"name":"wp","href":"https:\/\/api.w.org\/{rel}","templated":true}]}}