{"id":16813,"date":"2022-05-09T16:06:36","date_gmt":"2022-05-09T13:06:36","guid":{"rendered":"https:\/\/lammasyhdistys.fi\/helis-oxford\/"},"modified":"2022-08-24T10:00:15","modified_gmt":"2022-08-24T07:00:15","slug":"helis-oxford","status":"publish","type":"page","link":"https:\/\/lammasyhdistys.fi\/en\/helis-oxford\/","title":{"rendered":"Heli\u00b4s Oxford"},"content":{"rendered":"<div class=\"fusion-fullwidth fullwidth-box fusion-builder-row-1 fusion-flex-container nonhundred-percent-fullwidth non-hundred-percent-height-scrolling\" style=\"--awb-border-radius-top-left:0px;--awb-border-radius-top-right:0px;--awb-border-radius-bottom-right:0px;--awb-border-radius-bottom-left:0px;--awb-flex-wrap:wrap;\" ><div class=\"fusion-builder-row fusion-row fusion-flex-align-items-flex-start fusion-flex-content-wrap\" style=\"max-width:1248px;margin-left: calc(-4% \/ 2 );margin-right: calc(-4% \/ 2 );\"><div class=\"fusion-layout-column fusion_builder_column fusion-builder-column-0 fusion_builder_column_1_1 1_1 fusion-flex-column\" style=\"--awb-padding-right:30px;--awb-padding-left:30px;--awb-bg-size:cover;--awb-width-large:100%;--awb-margin-top-large:0px;--awb-spacing-right-large:7.68%;--awb-margin-bottom-large:0px;--awb-spacing-left-large:0%;--awb-width-medium:100%;--awb-spacing-right-medium:7.68%;--awb-spacing-left-medium:0%;--awb-width-small:100%;--awb-spacing-right-small:1.92%;--awb-spacing-left-small:1.92%;\"><div class=\"fusion-column-wrapper fusion-flex-justify-content-flex-start fusion-content-layout-column\"><div class=\"fusion-text fusion-text-1\"><h1 class=\"fusion-responsive-typography-calculated\" style=\"--fontsize: 33; line-height: 1.06;\" data-fontsize=\"33\" data-lineheight=\"35px\"><img decoding=\"async\" class=\"alignright size-full wp-image-12239\" src=\"https:\/\/lammasyhdistys.fi\/wp-content\/uploads\/2022\/05\/logo_70x67_esittelyt.png\" alt=\"\" width=\"90\" height=\"66\" \/><\/h1>\n<h1 class=\"fusion-responsive-typography-calculated\" style=\"--fontsize: 33; line-height: 1.06;\" data-fontsize=\"33\" data-lineheight=\"35px\">Heli\u00b4s Oxford<\/h1>\n<p><strong>Oxford down -rodun jalostuslampola 2022<\/strong><\/p>\n<p><strong>\u00a0<\/strong><\/p>\n<p><em><strong>Visio<br \/>\n<\/strong><\/em>Terveet ja hyv\u00e4kasvuiset karitsat<a href=\"https:\/\/lammasyhdistys.fi\/wp-content\/uploads\/2022\/05\/Helis_oxford_600x400.jpg\"><img decoding=\"async\" class=\"size-full wp-image-12264 alignright\" src=\"https:\/\/lammasyhdistys.fi\/wp-content\/uploads\/2022\/05\/Helis_oxford_600x400.jpg\" alt=\"\" width=\"600\" height=\"400\" srcset=\"https:\/\/lammasyhdistys.fi\/wp-content\/uploads\/2022\/05\/Helis_oxford_600x400-300x200.jpg 300w, https:\/\/lammasyhdistys.fi\/wp-content\/uploads\/2022\/05\/Helis_oxford_600x400.jpg 600w\" sizes=\"(max-width: 600px) 100vw, 600px\" \/><\/a><\/p>\n<p><em><strong>Tuotantotapa<\/strong><\/em> tavanomainen<\/p>\n<p><em><strong>Jalostuslampola <\/strong><\/em>vuodesta 2022<\/p>\n<p><em><strong>P\u00e4ssilinjat <\/strong><\/em>3 kpl<\/p>\n<p><em><strong>El\u00e4inm\u00e4\u00e4r\u00e4 2022<br \/>\n<\/strong><\/em>Uuhia 42 kpl<\/p>\n<p><em><strong>Uuhien aikuisaino<\/strong><\/em> 70-100 kg<\/p>\n<p><em><strong>P\u00e4ssien aikuispaino <\/strong><\/em>80-125 kg<\/p>\n<p><em><strong>Karitsointirytmi 2022<br \/>\n<\/strong><\/em>Kev\u00e4tkaritsointi<\/p>\n<p><strong>Jalostusarvosteltuja myynniss\u00e4<\/strong> syksyisin<\/p>\n<p><em><strong>Orf &#8211;<\/strong><\/em><\/p>\n<p><em><strong><a href=\"https:\/\/lammasyhdistys.fi\/wp-content\/uploads\/2022\/05\/Helis_oxford_600x400_2-1.jpg\"><img decoding=\"async\" class=\"size-full wp-image-12268 alignleft\" src=\"https:\/\/lammasyhdistys.fi\/wp-content\/uploads\/2022\/05\/Helis_oxford_600x400_2-1.jpg\" alt=\"\" width=\"600\" height=\"400\" srcset=\"https:\/\/lammasyhdistys.fi\/wp-content\/uploads\/2022\/05\/Helis_oxford_600x400_2-1-300x200.jpg 300w, https:\/\/lammasyhdistys.fi\/wp-content\/uploads\/2022\/05\/Helis_oxford_600x400_2-1.jpg 600w\" sizes=\"(max-width: 600px) 100vw, 600px\" \/><\/a>Yhteystiedot<br \/>\n<\/strong><\/em>Heli\u2019s Oxford<br \/>\nHeli Rosvall<br \/>\nNurmelantie 36<br \/>\n21555 Taatila<br \/>\nPaimio<br \/>\n+358 40 836 5734<br \/>\n<a href=\"mailto:heli.rosvall@kolumbus.fi\">heli.rosvall@kolumbus.fi<\/a><em><strong><br \/>\n<\/strong><\/em><\/p>\n<\/div><\/div><\/div><\/div><\/div>\n","protected":false},"excerpt":{"rendered":"","protected":false},"author":7,"featured_media":0,"parent":0,"menu_order":0,"comment_status":"closed","ping_status":"closed","template":"","meta":{"footnotes":""},"class_list":["post-16813","page","type-page","status-publish","hentry"],"_links":{"self":[{"href":"https:\/\/lammasyhdistys.fi\/en\/wp-json\/wp\/v2\/pages\/16813","targetHints":{"allow":["GET"]}}],"collection":[{"href":"https:\/\/lammasyhdistys.fi\/en\/wp-json\/wp\/v2\/pages"}],"about":[{"href":"https:\/\/lammasyhdistys.fi\/en\/wp-json\/wp\/v2\/types\/page"}],"author":[{"embeddable":true,"href":"https:\/\/lammasyhdistys.fi\/en\/wp-json\/wp\/v2\/users\/7"}],"replies":[{"embeddable":true,"href":"https:\/\/lammasyhdistys.fi\/en\/wp-json\/wp\/v2\/comments?post=16813"}],"version-history":[{"count":1,"href":"https:\/\/lammasyhdistys.fi\/en\/wp-json\/wp\/v2\/pages\/16813\/revisions"}],"predecessor-version":[{"id":17797,"href":"https:\/\/lammasyhdistys.fi\/en\/wp-json\/wp\/v2\/pages\/16813\/revisions\/17797"}],"wp:attachment":[{"href":"https:\/\/lammasyhdistys.fi\/en\/wp-json\/wp\/v2\/media?parent=16813"}],"curies":[{"name":"wp","href":"https:\/\/api.w.org\/{rel}","templated":true}]}}