{"id":16815,"date":"2016-03-08T13:00:16","date_gmt":"2016-03-08T11:00:16","guid":{"rendered":"https:\/\/lammasyhdistys.fi\/koulutus\/"},"modified":"2022-08-22T12:23:37","modified_gmt":"2022-08-22T09:23:37","slug":"koulutus","status":"publish","type":"page","link":"https:\/\/lammasyhdistys.fi\/en\/koulutus\/","title":{"rendered":"Education"},"content":{"rendered":"<div class=\"fusion-fullwidth fullwidth-box fusion-builder-row-1 fusion-flex-container nonhundred-percent-fullwidth non-hundred-percent-height-scrolling\" style=\"--awb-border-radius-top-left:0px;--awb-border-radius-top-right:0px;--awb-border-radius-bottom-right:0px;--awb-border-radius-bottom-left:0px;--awb-flex-wrap:wrap;\" ><div class=\"fusion-builder-row fusion-row fusion-flex-align-items-flex-start fusion-flex-content-wrap\" style=\"max-width:1248px;margin-left: calc(-4% \/ 2 );margin-right: calc(-4% \/ 2 );\"><div class=\"fusion-layout-column fusion_builder_column fusion-builder-column-0 fusion_builder_column_1_1 1_1 fusion-flex-column\" style=\"--awb-padding-right:30px;--awb-padding-left:30px;--awb-bg-size:cover;--awb-width-large:100%;--awb-margin-top-large:0px;--awb-spacing-right-large:7.68%;--awb-margin-bottom-large:0px;--awb-spacing-left-large:0%;--awb-width-medium:100%;--awb-spacing-right-medium:7.68%;--awb-spacing-left-medium:0%;--awb-width-small:100%;--awb-spacing-right-small:1.92%;--awb-spacing-left-small:1.92%;\"><div class=\"fusion-column-wrapper fusion-flex-justify-content-flex-start fusion-content-layout-column\"><div class=\"fusion-text fusion-text-1\"><h2 class=\"fusion-responsive-typography-calculated\" style=\"--fontsize: 27; line-height: 29px; font-size: 27px;\" data-fontsize=\"27\" data-lineheight=\"28.89px\">Maatalousalan perustutkinto, jatkuva haku<\/h2>\n<p><span id=\"fbPhotoSnowliftCaption\" class=\"fbPhotosPhotoCaption\" tabindex=\"0\" aria-live=\"polite\" data-ft=\"\"><span class=\"hasCaption\">Hyv\u00e4 koulutus tilanjatkajalle! R\u00e4\u00e4t\u00e4l\u00f6id\u00e4\u00e4n sinun tarpeisiisi sopivat sis\u00e4ll\u00f6t ja osaamisen hankkimistavat! Tarkempaa tietoa ja haku <a class=\"linkki\" href=\"http:\/\/www.kpedu.fi\/koulutukset\/nuorten-koulutus\/maatalous-ja-el\u00e4imet\/l4283-maatalousalan-perustutkinto-maatilatalouden-osaamisala\" target=\"_blank\" rel=\"noopener noreferrer\">t\u00e4st\u00e4 linkist\u00e4 ><\/a><\/span><\/span><\/p>\n<h2 class=\"fusion-responsive-typography-calculated\" style=\"--fontsize: 27; line-height: 29px; font-size: 27px;\" data-fontsize=\"27\" data-lineheight=\"28.89px\">Hankkeet-sivulle <a class=\"linkki\" style=\"font-size: 27px;\" href=\"https:\/\/lammasyhdistys.fi\/hankkeet\/\" target=\"_blank\" rel=\"noopener noreferrer\" data-fusion-font=\"true\">t\u00e4st\u00e4 ><\/a><\/h2>\n<h2 class=\"fusion-responsive-typography-calculated\" style=\"--fontsize: 27; line-height: 29px; font-size: 27px;\" data-fontsize=\"27\" data-lineheight=\"28.89px\">Lampaiden ja vuohien luonnonmukaisen tuotannon hyv\u00e4t toimintatavat<\/h2>\n<p>Opas avautuu pdf-muodossa <a class=\"linkki\" href=\"https:\/\/lammasyhdistys.fi\/wp-content\/uploads\/2016\/03\/hyv\u00e4t_toimintatavat_luomu.pdf\">t\u00e4st\u00e4 ><\/a><\/p>\n<p><img decoding=\"async\" class=\"alignnone wp-image-2370 size-full\" src=\"https:\/\/lammasyhdistys.fi\/wp-content\/uploads\/2016\/03\/hyvat_kaytannot_luomulammasvuohi_artikkeli.jpg\" width=\"620\" height=\"360\" srcset=\"https:\/\/lammasyhdistys.fi\/wp-content\/uploads\/2016\/03\/hyvat_kaytannot_luomulammasvuohi_artikkeli-300x174.jpg 300w, https:\/\/lammasyhdistys.fi\/wp-content\/uploads\/2016\/03\/hyvat_kaytannot_luomulammasvuohi_artikkeli.jpg 620w\" sizes=\"(max-width: 620px) 100vw, 620px\" \/><\/p>\n<h2 class=\"fusion-responsive-typography-calculated\" style=\"--fontsize: 27; line-height: 29px; font-size: 27px;\" data-fontsize=\"27\" data-lineheight=\"28.89px\">Lammaswiki<\/h2>\n<p>Lammaswiki on pelk\u00e4st\u00e4\u00e4n lampaisiin ja lammastalouteen erikoistunut yhteis\u00f6n tuottama s\u00e4hk\u00f6inen wikipedia.<br \/>\nLammaswikiin p\u00e4\u00e4set klikkaamalla alla olevaa kuvaketta:<\/p>\n<p><a href=\"http:\/\/www.lammaswiki.fi\/doku.php\"><img decoding=\"async\" class=\"alignnone wp-image-2312 size-full\" src=\"https:\/\/lammasyhdistys.fi\/wp-content\/uploads\/2016\/03\/LammasWiki.jpg\" alt=\"LammasWiki\" width=\"150\" height=\"146\" \/><\/a><\/p>\n<\/div><\/div><\/div><\/div><\/div>\n","protected":false},"excerpt":{"rendered":"","protected":false},"author":1,"featured_media":0,"parent":0,"menu_order":0,"comment_status":"closed","ping_status":"closed","template":"","meta":{"footnotes":""},"class_list":["post-16815","page","type-page","status-publish","hentry"],"_links":{"self":[{"href":"https:\/\/lammasyhdistys.fi\/en\/wp-json\/wp\/v2\/pages\/16815","targetHints":{"allow":["GET"]}}],"collection":[{"href":"https:\/\/lammasyhdistys.fi\/en\/wp-json\/wp\/v2\/pages"}],"about":[{"href":"https:\/\/lammasyhdistys.fi\/en\/wp-json\/wp\/v2\/types\/page"}],"author":[{"embeddable":true,"href":"https:\/\/lammasyhdistys.fi\/en\/wp-json\/wp\/v2\/users\/1"}],"replies":[{"embeddable":true,"href":"https:\/\/lammasyhdistys.fi\/en\/wp-json\/wp\/v2\/comments?post=16815"}],"version-history":[{"count":2,"href":"https:\/\/lammasyhdistys.fi\/en\/wp-json\/wp\/v2\/pages\/16815\/revisions"}],"predecessor-version":[{"id":17551,"href":"https:\/\/lammasyhdistys.fi\/en\/wp-json\/wp\/v2\/pages\/16815\/revisions\/17551"}],"wp:attachment":[{"href":"https:\/\/lammasyhdistys.fi\/en\/wp-json\/wp\/v2\/media?parent=16815"}],"curies":[{"name":"wp","href":"https:\/\/api.w.org\/{rel}","templated":true}]}}