{"id":16822,"date":"2016-04-21T17:41:56","date_gmt":"2016-04-21T14:41:56","guid":{"rendered":"https:\/\/lammasyhdistys.fi\/kuluttajalle\/"},"modified":"2022-08-24T09:40:10","modified_gmt":"2022-08-24T06:40:10","slug":"kuluttajalle","status":"publish","type":"page","link":"https:\/\/lammasyhdistys.fi\/en\/kuluttajalle\/","title":{"rendered":"Consumer"},"content":{"rendered":"<div class=\"fusion-fullwidth fullwidth-box fusion-builder-row-1 fusion-flex-container nonhundred-percent-fullwidth non-hundred-percent-height-scrolling\" style=\"--awb-border-radius-top-left:0px;--awb-border-radius-top-right:0px;--awb-border-radius-bottom-right:0px;--awb-border-radius-bottom-left:0px;--awb-flex-wrap:wrap;\" ><div class=\"fusion-builder-row fusion-row fusion-flex-align-items-flex-start fusion-flex-content-wrap\" style=\"max-width:1248px;margin-left: calc(-4% \/ 2 );margin-right: calc(-4% \/ 2 );\"><div class=\"fusion-layout-column fusion_builder_column fusion-builder-column-0 fusion_builder_column_1_1 1_1 fusion-flex-column\" style=\"--awb-padding-right:30px;--awb-padding-left:30px;--awb-bg-size:cover;--awb-width-large:100%;--awb-margin-top-large:0px;--awb-spacing-right-large:7.68%;--awb-margin-bottom-large:0px;--awb-spacing-left-large:0%;--awb-width-medium:100%;--awb-spacing-right-medium:7.68%;--awb-spacing-left-medium:0%;--awb-width-small:100%;--awb-spacing-right-small:1.92%;--awb-spacing-left-small:1.92%;\"><div class=\"fusion-column-wrapper fusion-flex-justify-content-flex-start fusion-content-layout-column\"><div class=\"fusion-text fusion-text-1\"><p><img decoding=\"async\" class=\"alignnone size-full wp-image-4084\" src=\"https:\/\/lammasyhdistys.fi\/wp-content\/uploads\/2016\/04\/hirviniemi_banneri_kuluttaja_web_cr_2.jpg\" alt=\"\" width=\"997\" height=\"180\" srcset=\"https:\/\/lammasyhdistys.fi\/wp-content\/uploads\/2016\/04\/hirviniemi_banneri_kuluttaja_web_cr_2-300x54.jpg 300w, https:\/\/lammasyhdistys.fi\/wp-content\/uploads\/2016\/04\/hirviniemi_banneri_kuluttaja_web_cr_2-768x139.jpg 768w, https:\/\/lammasyhdistys.fi\/wp-content\/uploads\/2016\/04\/hirviniemi_banneri_kuluttaja_web_cr_2.jpg 997w\" sizes=\"(max-width: 997px) 100vw, 997px\" \/><\/p>\n<h1 data-fontsize=\"33\" data-lineheight=\"35px\" class=\"fusion-responsive-typography-calculated\" style=\"--fontSize:33; line-height: 1.06;\">Suomalainen lammastalous<\/h1>\n<p>Lammas kesytettiin L\u00e4hi-Id\u00e4ss\u00e4 ensimm\u00e4isten kotiel\u00e4inten joukossa 11 000 \u2013 8 000 vuotta sitten. Suomessa ensimm\u00e4iset arkeologiset l\u00f6yd\u00f6t lampaiden pidosta ovat kivikauden ja rautakauden taitteessa 4 000 vuoden takaa.<\/p>\n<p>Nykyiset alkuper\u00e4rotumme suomenlammas, kainuunharmas ja ahvenaanlammas periytyv\u00e4t n\u00e4ist\u00e4 ensimm\u00e4isist\u00e4 lammastulokkaista. Maassamme kasvatettavia tuontirotuja ovat texel, dorset, oxford down, rygja sek\u00e4 uusimpina rotuina suffolk, ruotsalainen turkislammas, dorper ja it\u00e4friisil\u00e4inen maitolammas. Puhdasrotukasvatuksen lis\u00e4ksi edell\u00e4 mainittuja rotuja k\u00e4ytet\u00e4\u00e4n risteytystuotannossa. Lue lis\u00e4\u00e4 rotusivuiltamme.<\/p>\n<p>Suomalaiset lampaat kasvavat perhetiloilla. Suomessa on noin 1300 lammastilaa, joista noin puolet p\u00e4\u00e4toimisia. Isoimmilla tiloilla saattaa olla jopa 700\u2013800 uuhta. Eniten lammastiloja on Varsinais-Suomessa ja Pohjois-Pohjanmaalla.<\/p>\n<h2 data-fontsize=\"27\" data-lineheight=\"29px\" class=\"fusion-responsive-typography-calculated\" style=\"--fontSize:27; line-height: 1.07;\">Lammas on monipuolinen tuotantoel\u00e4in<\/h2>\n<p>Lihantuotannon lis\u00e4ksi lampaat tuottavat villaa, turkiksia, taljoja, maitoa ja jalostusel\u00e4imi\u00e4. Lampaita k\u00e4ytet\u00e4\u00e4n maiseman- ja ymp\u00e4rist\u00f6nhoidossa sek\u00e4 maatilamatkailussa ja luontohoiva (GreenCare) -toiminnassa. Suomalaisella lampaalla on useimmiten nimi, se el\u00e4\u00e4 lajinmukaisesti laumassa, p\u00e4\u00e4see laiduntamaan kes\u00e4isin ja hoitaa itse j\u00e4lkel\u00e4isens\u00e4.<\/p>\n<p>Antibioottien k\u00e4ytt\u00f6 suomalaisilla tuotantotiloilla on eritt\u00e4in maltillista, Suomessa k\u00e4ytet\u00e4\u00e4n toiseksi v\u00e4hiten mikrobil\u00e4\u00e4kkeit\u00e4 suhteutettuna tuotantoel\u00e4inten m\u00e4\u00e4r\u00e4\u00e4n koko EU:ssa. Mikrobil\u00e4\u00e4kkeit\u00e4 annetaan vain ja  ainoastaan sairauksien hoitoon ja l\u00e4\u00e4kitys tapahtuu aina el\u00e4inl\u00e4\u00e4k\u00e4rin m\u00e4\u00e4r\u00e4yksest\u00e4 ja h\u00e4nen valvonnassaan.<\/p>\n<h2 data-fontsize=\"27\" data-lineheight=\"29px\" class=\"fusion-responsive-typography-calculated\" style=\"--fontSize:27; line-height: 1.07;\">Karitsan- ja lampaanlihan kulutus<\/h2>\n<p>Lammasta ja karitsaa sy\u00f6tiin noin 700 grammaa henkil\u00f6\u00e4 kohti vuodessa. Tilastoja lukiessa on hyv\u00e4 muistaa, ett\u00e4 luvut ilmoitetaan kypsent\u00e4m\u00e4tt\u00f6m\u00e4n\u00e4 luullisena lihana. Luiden osuus ruhosta on noin 20 prosenttia, ja kypsennysh\u00e4vikki vaihtelee 10\u201330 prosenttia tuotteesta riippuen.<\/p>\n<p>Lampaanlihan yhteiskulutuksesta (lammas ja karitsa) hiukan yli kolmasosa on kotimaista. Karitsan osalta kulutuksen kotimaisuusaste on jotakuinkin 50 prosenttia, eli joka toinen karitsa-annos on kotimaista lihaa.<\/p>\n<h2 data-fontsize=\"27\" data-lineheight=\"29px\" class=\"fusion-responsive-typography-calculated\" style=\"--fontSize:27; line-height: 1.07;\">Lampaat ja luonnon monimuotoisuus<\/h2>\n<p><a href=\"https:\/\/lammasyhdistys.fi\/wp-content\/uploads\/2020\/09\/image6359.png\"><img decoding=\"async\" class=\"alignleft size-full wp-image-10071\" src=\"https:\/\/lammasyhdistys.fi\/wp-content\/uploads\/2020\/09\/image6359.png\" alt=\"\" width=\"1080\" height=\"1089\" srcset=\"https:\/\/lammasyhdistys.fi\/wp-content\/uploads\/2020\/09\/image6359-60x60.png 60w, https:\/\/lammasyhdistys.fi\/wp-content\/uploads\/2020\/09\/image6359-150x150.png 150w, https:\/\/lammasyhdistys.fi\/wp-content\/uploads\/2020\/09\/image6359-298x300.png 298w, https:\/\/lammasyhdistys.fi\/wp-content\/uploads\/2020\/09\/image6359-768x774.png 768w, https:\/\/lammasyhdistys.fi\/wp-content\/uploads\/2020\/09\/image6359-1016x1024.png 1016w, https:\/\/lammasyhdistys.fi\/wp-content\/uploads\/2020\/09\/image6359.png 1080w\" sizes=\"(max-width: 1080px) 100vw, 1080px\" \/><\/a><\/p>\n<p>Suomilampaan p\u00e4\u00e4asiallinen ravinto on nurmirehu \u2013 laitumen sek\u00e4 joko kuivatun tai s\u00e4il\u00f6tyn hein\u00e4n muodossa. Nurmet ovat monivuotisia kasveja, joiden viljely sitoo ilman hiilidioksidia kasvualustaan sek\u00e4 est\u00e4\u00e4 peltojen maa-aineksen eroosiota ja ravinteiden valumia.<\/p>\n<p>Valkuaisl\u00e4hteeksi tarkoitetut kasvit kuten apila ja h\u00e4rk\u00e4papu sitovat ilmakeh\u00e4n typ<span class=\"text_exposed_show\">pe\u00e4 peltomaahan ja parantavat maaper\u00e4n kasvukuntoa sek\u00e4 mikrobitoimintaa. Nurmiviljely sek\u00e4 laidunnus mahdollistavat kest\u00e4v\u00e4n viljelykierron ja edesauttavat maan viljavuuden s\u00e4ilymist\u00e4.<br \/>\n.<br \/>\nLaidunnus auttaa luontoa, siit\u00e4 hy\u00f6tyv\u00e4t niin kasvit kuin linnut ja hy\u00f6nteisetkin. P\u00f6lytt\u00e4j\u00e4hy\u00f6nteisten lis\u00e4\u00e4ntyminen taas on edellytys koko nykyisen ravintoj\u00e4rjestelm\u00e4n s\u00e4ilymiselle. Laidunnus mahdollistaa my\u00f6s perinnemaisemien ja -biotooppien yll\u00e4pidon.<\/span><\/p>\n<p>Perinnebiotoopeissa on eniten Suomen uhanalaisimpia luontotyyppej\u00e4 kuten mets\u00e4laitumia, hakamaita ja niittyj\u00e4. Suomilampaat hoitavatkin maassamme lukuisia kansallispuistoja ja luonnonsuojelualueita.<\/p>\n<p><a class=\"_58cn\" href=\"https:\/\/www.facebook.com\/hashtag\/kumppaninaluonto?__eep__=6&epa=HASHTAG\" data-ft=\"\">#kumppaninaluonto<\/a> <a class=\"_58cn\" href=\"https:\/\/www.facebook.com\/hashtag\/lammashoitaaluontoa?__eep__=6&epa=HASHTAG\" data-ft=\"\">#lammashoitaaluontoa<\/a> <a class=\"_58cn\" href=\"https:\/\/www.facebook.com\/hashtag\/lampaatjaluonnonmonimuotoisuus?__eep__=6&epa=HASHTAG\" data-ft=\"\">#lampaatjaluonnonmonimuoto<wbr>isuus<\/a><\/p>\n<h2 data-fontsize=\"27\" data-lineheight=\"29px\" class=\"fusion-responsive-typography-calculated\" style=\"--fontSize:27; line-height: 1.07;\">Lue lis\u00e4\u00e4 suomalaisesta lammastalou<span data-fusion-font=\"true\" style=\"font-size: 27px;\">desta <\/span><a href=\"https:\/\/lammasyhdistys.fi\/suomilammas-lautaselle-teemaviikko-finskt-far-pa-tallriken-temavecka-2-6-11-2019\/\" target=\"_blank\" rel=\"noopener noreferrer\" data-fusion-font=\"true\" style=\"font-size: 27px;\">><\/a><\/h2>\n<h2 data-fontsize=\"27\" data-lineheight=\"29px\" class=\"fusion-responsive-typography-calculated\" style=\"--fontSize:27; line-height: 1.07;\">Klikkaa kuvat suuremmiksi:<\/h2>\n<\/p>\n\n\t\t<style type=\"text\/css\">\n\t\t\t#gallery-1 {\n\t\t\t\tmargin: auto;\n\t\t\t}\n\t\t\t#gallery-1 .gallery-item {\n\t\t\t\tfloat: left;\n\t\t\t\tmargin-top: 10px;\n\t\t\t\ttext-align: center;\n\t\t\t\twidth: 25%;\n\t\t\t}\n\t\t\t#gallery-1 img {\n\t\t\t\tborder: 2px solid #cfcfcf;\n\t\t\t}\n\t\t\t#gallery-1 .gallery-caption {\n\t\t\t\tmargin-left: 0;\n\t\t\t}\n\t\t\t\/* see gallery_shortcode() in wp-includes\/media.php *\/\n\t\t<\/style>\n\t\t<div id='gallery-1' class='gallery galleryid-16822 gallery-columns-4 gallery-size-thumbnail'><dl class='gallery-item'>\n\t\t\t<dt class='gallery-icon landscape'>\n\t\t\t\t<a data-rel=\"iLightbox[postimages]\" data-title=\"putkisalo_cr\" data-caption=\"Emo nuolee vastasyntyneen karitsansa kuivaksi\" href='https:\/\/lammasyhdistys.fi\/en\/kuluttajalle\/attachment\/putkisalo_cr-2\/'><img decoding=\"async\" width=\"150\" height=\"150\" src=\"https:\/\/lammasyhdistys.fi\/wp-content\/uploads\/2016\/04\/putkisalo_cr-150x150.jpg\" class=\"attachment-thumbnail size-thumbnail\" alt=\"\" aria-describedby=\"gallery-1-13945\" srcset=\"https:\/\/lammasyhdistys.fi\/wp-content\/uploads\/2016\/04\/putkisalo_cr-60x60.jpg 60w, https:\/\/lammasyhdistys.fi\/wp-content\/uploads\/2016\/04\/putkisalo_cr-150x150.jpg 150w\" sizes=\"(max-width: 150px) 100vw, 150px\" \/><\/a>\n\t\t\t<\/dt>\n\t\t\t\t<dd class='wp-caption-text gallery-caption' id='gallery-1-13945'>\n\t\t\t\tEmo nuolee vastasyntyneen karitsansa kuivaksi\n\t\t\t\t<\/dd><\/dl><dl class='gallery-item'>\n\t\t\t<dt class='gallery-icon landscape'>\n\t\t\t\t<a data-rel=\"iLightbox[postimages]\" data-title=\"putkisalo2_cr\" data-caption=\"Valoisassa ja siistiss\u00e4 lampolassa on hyv\u00e4 kasvaa\" href='https:\/\/lammasyhdistys.fi\/en\/kuluttajalle\/attachment\/putkisalo2_cr-2\/'><img decoding=\"async\" width=\"150\" height=\"150\" src=\"https:\/\/lammasyhdistys.fi\/wp-content\/uploads\/2016\/04\/putkisalo2_cr-150x150.jpg\" class=\"attachment-thumbnail size-thumbnail\" alt=\"\" aria-describedby=\"gallery-1-13947\" srcset=\"https:\/\/lammasyhdistys.fi\/wp-content\/uploads\/2016\/04\/putkisalo2_cr-60x60.jpg 60w, https:\/\/lammasyhdistys.fi\/wp-content\/uploads\/2016\/04\/putkisalo2_cr-150x150.jpg 150w\" sizes=\"(max-width: 150px) 100vw, 150px\" \/><\/a>\n\t\t\t<\/dt>\n\t\t\t\t<dd class='wp-caption-text gallery-caption' id='gallery-1-13947'>\n\t\t\t\tValoisassa ja siistiss\u00e4 lampolassa on hyv\u00e4 kasvaa\n\t\t\t\t<\/dd><\/dl><dl class='gallery-item'>\n\t\t\t<dt class='gallery-icon landscape'>\n\t\t\t\t<a data-rel=\"iLightbox[postimages]\" data-title=\"sarita_cr\" data-caption=\"Laidun ja lampaat kuuluvat yhteen\" href='https:\/\/lammasyhdistys.fi\/en\/kuluttajalle\/attachment\/sarita_cr-2\/'><img decoding=\"async\" width=\"150\" height=\"150\" src=\"https:\/\/lammasyhdistys.fi\/wp-content\/uploads\/2016\/04\/sarita_cr-150x150.jpg\" class=\"attachment-thumbnail size-thumbnail\" alt=\"\" aria-describedby=\"gallery-1-13949\" srcset=\"https:\/\/lammasyhdistys.fi\/wp-content\/uploads\/2016\/04\/sarita_cr-60x60.jpg 60w, https:\/\/lammasyhdistys.fi\/wp-content\/uploads\/2016\/04\/sarita_cr-150x150.jpg 150w\" sizes=\"(max-width: 150px) 100vw, 150px\" \/><\/a>\n\t\t\t<\/dt>\n\t\t\t\t<dd class='wp-caption-text gallery-caption' id='gallery-1-13949'>\n\t\t\t\tLaidun ja lampaat kuuluvat yhteen\n\t\t\t\t<\/dd><\/dl><dl class='gallery-item'>\n\t\t\t<dt class='gallery-icon landscape'>\n\t\t\t\t<a data-rel=\"iLightbox[postimages]\" data-title=\"OLYMPUS DIGITAL CAMERA\" data-caption=\"Tyytyv\u00e4isi\u00e4 harmasuuhia ryhm\u00e4karsinassaan\" href='https:\/\/lammasyhdistys.fi\/en\/kuluttajalle\/attachment\/olympus-digital-camera-3-2\/'><img decoding=\"async\" width=\"150\" height=\"150\" src=\"https:\/\/lammasyhdistys.fi\/wp-content\/uploads\/2016\/04\/lohva-150x150.jpg\" class=\"attachment-thumbnail size-thumbnail\" alt=\"\" aria-describedby=\"gallery-1-13951\" srcset=\"https:\/\/lammasyhdistys.fi\/wp-content\/uploads\/2016\/04\/lohva-60x60.jpg 60w, https:\/\/lammasyhdistys.fi\/wp-content\/uploads\/2016\/04\/lohva-150x150.jpg 150w\" sizes=\"(max-width: 150px) 100vw, 150px\" \/><\/a>\n\t\t\t<\/dt>\n\t\t\t\t<dd class='wp-caption-text gallery-caption' id='gallery-1-13951'>\n\t\t\t\tTyytyv\u00e4isi\u00e4 harmasuuhia ryhm\u00e4karsinassaan\n\t\t\t\t<\/dd><\/dl><br style=\"clear: both\" \/>\n\t\t<\/div>\n\n<\/div><\/div><\/div><\/div><\/div>\n","protected":false},"excerpt":{"rendered":"","protected":false},"author":7,"featured_media":0,"parent":0,"menu_order":0,"comment_status":"closed","ping_status":"closed","template":"","meta":{"footnotes":""},"class_list":["post-16822","page","type-page","status-publish","hentry"],"_links":{"self":[{"href":"https:\/\/lammasyhdistys.fi\/en\/wp-json\/wp\/v2\/pages\/16822","targetHints":{"allow":["GET"]}}],"collection":[{"href":"https:\/\/lammasyhdistys.fi\/en\/wp-json\/wp\/v2\/pages"}],"about":[{"href":"https:\/\/lammasyhdistys.fi\/en\/wp-json\/wp\/v2\/types\/page"}],"author":[{"embeddable":true,"href":"https:\/\/lammasyhdistys.fi\/en\/wp-json\/wp\/v2\/users\/7"}],"replies":[{"embeddable":true,"href":"https:\/\/lammasyhdistys.fi\/en\/wp-json\/wp\/v2\/comments?post=16822"}],"version-history":[{"count":2,"href":"https:\/\/lammasyhdistys.fi\/en\/wp-json\/wp\/v2\/pages\/16822\/revisions"}],"predecessor-version":[{"id":17787,"href":"https:\/\/lammasyhdistys.fi\/en\/wp-json\/wp\/v2\/pages\/16822\/revisions\/17787"}],"wp:attachment":[{"href":"https:\/\/lammasyhdistys.fi\/en\/wp-json\/wp\/v2\/media?parent=16822"}],"curies":[{"name":"wp","href":"https:\/\/api.w.org\/{rel}","templated":true}]}}