{"id":16852,"date":"2016-03-08T12:59:42","date_gmt":"2016-03-08T10:59:42","guid":{"rendered":"https:\/\/lammasyhdistys.fi\/lampurille\/"},"modified":"2022-08-22T12:42:15","modified_gmt":"2022-08-22T09:42:15","slug":"lampurille","status":"publish","type":"page","link":"https:\/\/lammasyhdistys.fi\/en\/lampurille\/","title":{"rendered":"Farmer"},"content":{"rendered":"<div class=\"fusion-fullwidth fullwidth-box fusion-builder-row-1 fusion-flex-container nonhundred-percent-fullwidth non-hundred-percent-height-scrolling\" style=\"--awb-border-radius-top-left:0px;--awb-border-radius-top-right:0px;--awb-border-radius-bottom-right:0px;--awb-border-radius-bottom-left:0px;--awb-flex-wrap:wrap;\" ><div class=\"fusion-builder-row fusion-row fusion-flex-align-items-flex-start fusion-flex-content-wrap\" style=\"max-width:1248px;margin-left: calc(-4% \/ 2 );margin-right: calc(-4% \/ 2 );\"><div class=\"fusion-layout-column fusion_builder_column fusion-builder-column-0 fusion_builder_column_1_1 1_1 fusion-flex-column\" style=\"--awb-padding-right:30px;--awb-padding-left:30px;--awb-bg-size:cover;--awb-width-large:100%;--awb-margin-top-large:0px;--awb-spacing-right-large:7.68%;--awb-margin-bottom-large:0px;--awb-spacing-left-large:0%;--awb-width-medium:100%;--awb-spacing-right-medium:7.68%;--awb-spacing-left-medium:0%;--awb-width-small:100%;--awb-spacing-right-small:1.92%;--awb-spacing-left-small:1.92%;\"><div class=\"fusion-column-wrapper fusion-flex-justify-content-flex-start fusion-content-layout-column\"><div class=\"fusion-text fusion-text-1\"><h1 data-fontsize=\"33\" data-lineheight=\"35px\" class=\"fusion-responsive-typography-calculated\" style=\"--fontSize:33; line-height: 1.06;\">Lammastalous<\/h1>\n<h3 data-fontsize=\"23\" data-lineheight=\"30px\" class=\"fusion-responsive-typography-calculated\" style=\"--fontSize:23; line-height: 1.3;\">Lampaiden lukum\u00e4\u00e4r\u00e4<\/h3>\n<p>Luke on julkaissut tilastot kotiel\u00e4inten lukum\u00e4\u00e4rist\u00e4 vuoteen 2021 asti.<\/p>\n<p>Lampaiden m\u00e4\u00e4r\u00e4 v\u00e4heni edellisvuodesta kuusi prosenttia ja lampaita oli 1.5.2021 reilu 131 000.<br \/>\nKaritsoineita uuhia oli vajaa 53 000 (-4 %).<\/p>\n<p>Vuonna 2021 lammastaloutta harjoitettiin 1 221 tilalla, joista ammattimaisia tiloja noin 800.<br \/>\nEniten lampaita oli Varsinais-Suomessa, Pohjanmaalla ja Pohjois-Pohjanmaalla.<br \/>\nSuurimmat lammaskunnat olivat Salo ja Somero.<\/p>\n<p><a href=\"https:\/\/lammasyhdistys.fi\/wp-content\/uploads\/2022\/04\/lampaatl_lkm_21.jpg\"><img decoding=\"async\" class=\"size-full wp-image-12152 alignnone\" src=\"https:\/\/lammasyhdistys.fi\/wp-content\/uploads\/2022\/04\/lampaatl_lkm_21.jpg\" alt=\"\" width=\"510\" height=\"424\" srcset=\"https:\/\/lammasyhdistys.fi\/wp-content\/uploads\/2022\/04\/lampaatl_lkm_21-300x249.jpg 300w, https:\/\/lammasyhdistys.fi\/wp-content\/uploads\/2022\/04\/lampaatl_lkm_21.jpg 510w\" sizes=\"(max-width: 510px) 100vw, 510px\" \/><\/a><\/p>\n<\/p>\n<h3 data-fontsize=\"23\" data-lineheight=\"30px\" class=\"fusion-responsive-typography-calculated\" style=\"--fontSize:23; line-height: 1.3;\">Lampaanlihantuotanto 2018-2021<\/h3>\n<p><a href=\"https:\/\/lammasyhdistys.fi\/wp-content\/uploads\/2021\/12\/Lampaanlihantuotanto_2018-2021.jpg\"><img decoding=\"async\" class=\"size-full wp-image-11761 alignnone\" src=\"https:\/\/lammasyhdistys.fi\/wp-content\/uploads\/2021\/12\/Lampaanlihantuotanto_2018-2021.jpg\" alt=\"\" width=\"692\" height=\"515\" srcset=\"https:\/\/lammasyhdistys.fi\/wp-content\/uploads\/2021\/12\/Lampaanlihantuotanto_2018-2021-300x223.jpg 300w, https:\/\/lammasyhdistys.fi\/wp-content\/uploads\/2021\/12\/Lampaanlihantuotanto_2018-2021.jpg 692w\" sizes=\"(max-width: 692px) 100vw, 692px\" \/><\/a><\/p><\/p>\n<\/div><\/div><\/div><\/div><\/div>\n","protected":false},"excerpt":{"rendered":"","protected":false},"author":1,"featured_media":0,"parent":0,"menu_order":0,"comment_status":"closed","ping_status":"closed","template":"","meta":{"footnotes":""},"class_list":["post-16852","page","type-page","status-publish","hentry"],"_links":{"self":[{"href":"https:\/\/lammasyhdistys.fi\/en\/wp-json\/wp\/v2\/pages\/16852","targetHints":{"allow":["GET"]}}],"collection":[{"href":"https:\/\/lammasyhdistys.fi\/en\/wp-json\/wp\/v2\/pages"}],"about":[{"href":"https:\/\/lammasyhdistys.fi\/en\/wp-json\/wp\/v2\/types\/page"}],"author":[{"embeddable":true,"href":"https:\/\/lammasyhdistys.fi\/en\/wp-json\/wp\/v2\/users\/1"}],"replies":[{"embeddable":true,"href":"https:\/\/lammasyhdistys.fi\/en\/wp-json\/wp\/v2\/comments?post=16852"}],"version-history":[{"count":5,"href":"https:\/\/lammasyhdistys.fi\/en\/wp-json\/wp\/v2\/pages\/16852\/revisions"}],"predecessor-version":[{"id":17556,"href":"https:\/\/lammasyhdistys.fi\/en\/wp-json\/wp\/v2\/pages\/16852\/revisions\/17556"}],"wp:attachment":[{"href":"https:\/\/lammasyhdistys.fi\/en\/wp-json\/wp\/v2\/media?parent=16852"}],"curies":[{"name":"wp","href":"https:\/\/api.w.org\/{rel}","templated":true}]}}