{"id":16856,"date":"2017-11-24T10:37:22","date_gmt":"2017-11-24T08:37:22","guid":{"rendered":"https:\/\/lammasyhdistys.fi\/puoti\/"},"modified":"2022-08-24T10:38:38","modified_gmt":"2022-08-24T07:38:38","slug":"puoti","status":"publish","type":"page","link":"https:\/\/lammasyhdistys.fi\/en\/puoti\/","title":{"rendered":"Shop"},"content":{"rendered":"<div class=\"fusion-fullwidth fullwidth-box fusion-builder-row-1 fusion-flex-container nonhundred-percent-fullwidth non-hundred-percent-height-scrolling\" style=\"--awb-border-radius-top-left:0px;--awb-border-radius-top-right:0px;--awb-border-radius-bottom-right:0px;--awb-border-radius-bottom-left:0px;--awb-flex-wrap:wrap;\" ><div class=\"fusion-builder-row fusion-row fusion-flex-align-items-flex-start fusion-flex-content-wrap\" style=\"max-width:1248px;margin-left: calc(-4% \/ 2 );margin-right: calc(-4% \/ 2 );\"><div class=\"fusion-layout-column fusion_builder_column fusion-builder-column-0 fusion_builder_column_1_1 1_1 fusion-flex-column\" style=\"--awb-padding-right:30px;--awb-padding-left:30px;--awb-bg-size:cover;--awb-width-large:100%;--awb-margin-top-large:0px;--awb-spacing-right-large:7.68%;--awb-margin-bottom-large:0px;--awb-spacing-left-large:0%;--awb-width-medium:100%;--awb-spacing-right-medium:7.68%;--awb-spacing-left-medium:0%;--awb-width-small:100%;--awb-spacing-right-small:1.92%;--awb-spacing-left-small:1.92%;\"><div class=\"fusion-column-wrapper fusion-flex-justify-content-flex-start fusion-content-layout-column\"><div class=\"fusion-text fusion-text-1\"><p><a href=\"https:\/\/lammasyhdistys.fi\/wp-content\/uploads\/2017\/11\/kotisivu_valmis_banneri.jpg\"><img decoding=\"async\" class=\"size-full wp-image-5249 alignnone\" src=\"https:\/\/lammasyhdistys.fi\/wp-content\/uploads\/2017\/11\/kotisivu_valmis_banneri.jpg\" alt=\"\" width=\"1356\" height=\"550\" srcset=\"https:\/\/lammasyhdistys.fi\/wp-content\/uploads\/2017\/11\/kotisivu_valmis_banneri-300x122.jpg 300w, https:\/\/lammasyhdistys.fi\/wp-content\/uploads\/2017\/11\/kotisivu_valmis_banneri-768x312.jpg 768w, https:\/\/lammasyhdistys.fi\/wp-content\/uploads\/2017\/11\/kotisivu_valmis_banneri-1024x415.jpg 1024w, https:\/\/lammasyhdistys.fi\/wp-content\/uploads\/2017\/11\/kotisivu_valmis_banneri.jpg 1356w\" sizes=\"(max-width: 1356px) 100vw, 1356px\" \/><\/a><\/p>\n<h3>Puodissa myyt\u00e4v\u00e4n\u00e4 Suomen Lammasyhdistyksen j\u00e4sentuotteita<\/h3>\n<p>Puodin jokainen tuoteryhm\u00e4 avautuu omille alasivuilleen, selaa etusivun\u00a0yl\u00e4palkista l\u00f6ytyv\u00e4t alasvetovalikot. <a href=\"https:\/\/lammasyhdistys.fi\/en\/\" target=\"_blank\" rel=\"noopener noreferrer\">Etusivulle &gt;<\/a><\/p>\n<p>Tuotesivuille p\u00e4\u00e4set my\u00f6s alla olevista linkeist\u00e4:<\/p>\n<p><a href=\"https:\/\/lammasyhdistys.fi\/lammaskalenteri-2022\/\" target=\"_blank\" rel=\"noopener\">Lammaskalenteri 2022<\/a><\/p>\n<p><a href=\"https:\/\/lammasyhdistys.fi\/t-paidat\/\" target=\"_blank\" rel=\"noopener noreferrer\">T-paidat<\/a><\/p>\n<p><a href=\"https:\/\/lammasyhdistys.fi\/postikortit\/\" target=\"_blank\" rel=\"noopener noreferrer\">Postikortit<\/a><\/p>\n<p><a href=\"https:\/\/lammasyhdistys.fi\/tilausohjeet\/\" target=\"_blank\" rel=\"noopener noreferrer\">Tilausohjeet<\/a><\/p>\n<p><a href=\"https:\/\/lammasyhdistys.fi\/tilauslomake\/\" target=\"_blank\" rel=\"noopener noreferrer\">Tilauslomake<\/a><\/p>\n<p><a href=\"https:\/\/lammasyhdistys.fi\/lehti\/vanhat-numerot\/\">Lammas &amp; vuohi -lehti\u00e4 alehintaan<\/a><\/p>\n<p>Omat lampaat -kirja <strong>LOPPUUNMYYTY!<br \/>\nKannattaa katsoa nettikirjkauppojen valikoimista.<\/strong><\/p>\n<p>&nbsp;<\/p>\n<p>&nbsp;<\/p>\n<\/div><\/div><\/div><\/div><\/div>\n","protected":false},"excerpt":{"rendered":"","protected":false},"author":7,"featured_media":0,"parent":0,"menu_order":0,"comment_status":"closed","ping_status":"closed","template":"","meta":{"footnotes":""},"class_list":["post-16856","page","type-page","status-publish","hentry"],"_links":{"self":[{"href":"https:\/\/lammasyhdistys.fi\/en\/wp-json\/wp\/v2\/pages\/16856","targetHints":{"allow":["GET"]}}],"collection":[{"href":"https:\/\/lammasyhdistys.fi\/en\/wp-json\/wp\/v2\/pages"}],"about":[{"href":"https:\/\/lammasyhdistys.fi\/en\/wp-json\/wp\/v2\/types\/page"}],"author":[{"embeddable":true,"href":"https:\/\/lammasyhdistys.fi\/en\/wp-json\/wp\/v2\/users\/7"}],"replies":[{"embeddable":true,"href":"https:\/\/lammasyhdistys.fi\/en\/wp-json\/wp\/v2\/comments?post=16856"}],"version-history":[{"count":2,"href":"https:\/\/lammasyhdistys.fi\/en\/wp-json\/wp\/v2\/pages\/16856\/revisions"}],"predecessor-version":[{"id":17810,"href":"https:\/\/lammasyhdistys.fi\/en\/wp-json\/wp\/v2\/pages\/16856\/revisions\/17810"}],"wp:attachment":[{"href":"https:\/\/lammasyhdistys.fi\/en\/wp-json\/wp\/v2\/media?parent=16856"}],"curies":[{"name":"wp","href":"https:\/\/api.w.org\/{rel}","templated":true}]}}