{"id":16895,"date":"2021-06-01T16:02:43","date_gmt":"2021-06-01T13:02:43","guid":{"rendered":"https:\/\/lammasyhdistys.fi\/sirolan-lammastila\/"},"modified":"2024-05-16T12:09:10","modified_gmt":"2024-05-16T09:09:10","slug":"sirolan-lammastila","status":"publish","type":"page","link":"https:\/\/lammasyhdistys.fi\/en\/sirolan-lammastila\/","title":{"rendered":"Sirolan lammastila"},"content":{"rendered":"<div class=\"fusion-fullwidth fullwidth-box fusion-builder-row-1 fusion-flex-container nonhundred-percent-fullwidth non-hundred-percent-height-scrolling\" style=\"--awb-border-radius-top-left:0px;--awb-border-radius-top-right:0px;--awb-border-radius-bottom-right:0px;--awb-border-radius-bottom-left:0px;--awb-flex-wrap:wrap;\" ><div class=\"fusion-builder-row fusion-row fusion-flex-align-items-flex-start fusion-flex-content-wrap\" style=\"max-width:1248px;margin-left: calc(-4% \/ 2 );margin-right: calc(-4% \/ 2 );\"><div class=\"fusion-layout-column fusion_builder_column fusion-builder-column-0 fusion_builder_column_1_1 1_1 fusion-flex-column\" style=\"--awb-padding-right:30px;--awb-padding-left:30px;--awb-bg-size:cover;--awb-width-large:100%;--awb-margin-top-large:0px;--awb-spacing-right-large:7.68%;--awb-margin-bottom-large:0px;--awb-spacing-left-large:0%;--awb-width-medium:100%;--awb-spacing-right-medium:7.68%;--awb-spacing-left-medium:0%;--awb-width-small:100%;--awb-spacing-right-small:1.92%;--awb-spacing-left-small:1.92%;\"><div class=\"fusion-column-wrapper fusion-flex-justify-content-flex-start fusion-content-layout-column\"><div class=\"fusion-text fusion-text-1\"><p><img decoding=\"async\" class=\"wp-image-10881 alignright\" src=\"https:\/\/lammasyhdistys.fi\/wp-content\/uploads\/2021\/04\/jalostuslampolalogo_2021_cr.png\" alt=\"\" width=\"90\" height=\"67\"><\/p>\n<h1 class=\"\" style=\"--fontsize: 33; line-height: 1.06;\" data-fontsize=\"33\" data-lineheight=\"35px\">Sirolan Lammastila<\/h1>\n<p><strong>Oxford down -jalostuslampola 2022<\/strong><\/p>\n<p><em><strong>Visio<\/strong><\/em><br \/>\nTuottaa raamikkaita Oxford down -jalostuslampaita kotimaan markkinoille ja kansainv\u00e4liseen vientiin.<\/p>\n<p><em><strong><a href=\"https:\/\/lammasyhdistys.fi\/wp-content\/uploads\/2021\/06\/oxford-down-lammas_rajattu.jpg\"><img decoding=\"async\" class=\"alignright wp-image-11120\" src=\"https:\/\/lammasyhdistys.fi\/wp-content\/uploads\/2021\/06\/oxford-down-lammas_rajattu.jpg\" alt=\"\" width=\"600\" height=\"448\" srcset=\"https:\/\/lammasyhdistys.fi\/wp-content\/uploads\/2021\/06\/oxford-down-lammas_rajattu-300x224.jpg 300w, https:\/\/lammasyhdistys.fi\/wp-content\/uploads\/2021\/06\/oxford-down-lammas_rajattu.jpg 677w\" sizes=\"(max-width: 600px) 100vw, 600px\" \/><\/a>Tuotantotapa<\/strong><\/em> luomu<\/p>\n<p><em><strong>Jalostuslampola vuodesta<\/strong><\/em> 1995<\/p>\n<p><strong><em>P\u00e4ssilinjojen lukum\u00e4\u00e4r\u00e4 tilalla vuonna 2022<\/em><\/strong>: 13kpl<\/p>\n<p><em><strong>El\u00e4inm\u00e4\u00e4r\u00e4<\/strong><\/em>t<strong><em> 2022<\/em><\/strong><br \/>\n&#8211; uuhia 130 kpl<br \/>\n&#8211; p\u00e4ssej\u00e4 20 kpl<br \/>\n&#8211; 2022 karitsoita noin 200 kpl<\/p>\n<p><em><strong>Uuhien aikuispaino<\/strong><\/em> 80-100 kg<\/p>\n<p><em><strong>P\u00e4ssien aikuispaino<\/strong><\/em> 120-150 kg<\/p>\n<p><em><strong>OR<\/strong><\/em>F +<\/p>\n<p><em><strong>Karitsointirytmi 2022<\/strong><br \/>\n<\/em>&#8211; kev\u00e4t<br \/>\n&#8211; jalostusarvosteltuja myynniss\u00e4 elokuusta alkaen<\/p>\n<p><em><strong><a href=\"https:\/\/lammasyhdistys.fi\/wp-content\/uploads\/2021\/06\/Lammasroosa.jpg\"><img decoding=\"async\" class=\"alignleft wp-image-11113\" src=\"https:\/\/lammasyhdistys.fi\/wp-content\/uploads\/2021\/06\/Lammasroosa.jpg\" alt=\"\" width=\"520\" height=\"390\" srcset=\"https:\/\/lammasyhdistys.fi\/wp-content\/uploads\/2021\/06\/Lammasroosa-300x225.jpg 300w, https:\/\/lammasyhdistys.fi\/wp-content\/uploads\/2021\/06\/Lammasroosa-768x576.jpg 768w, https:\/\/lammasyhdistys.fi\/wp-content\/uploads\/2021\/06\/Lammasroosa.jpg 960w\" sizes=\"(max-width: 520px) 100vw, 520px\" \/><\/a> Yhteystiedot<br \/>\n<\/strong><\/em>Roosa Honkanen<br \/>\n+358 40 566 4153<br \/>\n<a href=\"mailto:rohonkanen@gmail.com\">rohonkanen@gmail.com<\/a><br \/>\nSininentie 553<br \/>\n82600 Tohmaj\u00e4rvi<br \/>\n<a href=\"http:\/\/www.sirolantila.com\">www.sirolantila.com<\/a><br \/>\n<a href=\"https:\/\/www.facebook.com\/sirolanlammastila\" target=\"_blank\" rel=\"noopener\">https:\/\/www.facebook.com\/sirolanlammastila<\/a><\/p><\/p>\n<\/div><\/div><\/div><\/div><\/div>\n","protected":false},"excerpt":{"rendered":"","protected":false},"author":7,"featured_media":0,"parent":0,"menu_order":0,"comment_status":"closed","ping_status":"closed","template":"","meta":{"footnotes":""},"class_list":["post-16895","page","type-page","status-publish","hentry"],"_links":{"self":[{"href":"https:\/\/lammasyhdistys.fi\/en\/wp-json\/wp\/v2\/pages\/16895","targetHints":{"allow":["GET"]}}],"collection":[{"href":"https:\/\/lammasyhdistys.fi\/en\/wp-json\/wp\/v2\/pages"}],"about":[{"href":"https:\/\/lammasyhdistys.fi\/en\/wp-json\/wp\/v2\/types\/page"}],"author":[{"embeddable":true,"href":"https:\/\/lammasyhdistys.fi\/en\/wp-json\/wp\/v2\/users\/7"}],"replies":[{"embeddable":true,"href":"https:\/\/lammasyhdistys.fi\/en\/wp-json\/wp\/v2\/comments?post=16895"}],"version-history":[{"count":3,"href":"https:\/\/lammasyhdistys.fi\/en\/wp-json\/wp\/v2\/pages\/16895\/revisions"}],"predecessor-version":[{"id":24432,"href":"https:\/\/lammasyhdistys.fi\/en\/wp-json\/wp\/v2\/pages\/16895\/revisions\/24432"}],"wp:attachment":[{"href":"https:\/\/lammasyhdistys.fi\/en\/wp-json\/wp\/v2\/media?parent=16895"}],"curies":[{"name":"wp","href":"https:\/\/api.w.org\/{rel}","templated":true}]}}