{"id":16965,"date":"2022-07-24T14:19:49","date_gmt":"2022-07-24T11:19:49","guid":{"rendered":"https:\/\/lammasyhdistys.fi\/?page_id=16965"},"modified":"2024-07-17T11:51:37","modified_gmt":"2024-07-17T08:51:37","slug":"qualified-sheep-breeding-farms","status":"publish","type":"page","link":"https:\/\/lammasyhdistys.fi\/en\/qualified-sheep-breeding-farms\/","title":{"rendered":"Qualified breeding farms"},"content":{"rendered":"<div class=\"fusion-fullwidth fullwidth-box fusion-builder-row-1 fusion-flex-container nonhundred-percent-fullwidth non-hundred-percent-height-scrolling\" style=\"--awb-border-radius-top-left:0px;--awb-border-radius-top-right:0px;--awb-border-radius-bottom-right:0px;--awb-border-radius-bottom-left:0px;--awb-flex-wrap:wrap;\" ><div class=\"fusion-builder-row fusion-row fusion-flex-align-items-flex-start fusion-flex-content-wrap\" style=\"max-width:1248px;margin-left: calc(-4% \/ 2 );margin-right: calc(-4% \/ 2 );\"><div class=\"fusion-layout-column fusion_builder_column fusion-builder-column-0 fusion_builder_column_2_3 2_3 fusion-flex-column\" style=\"--awb-padding-right:30px;--awb-padding-left:30px;--awb-bg-size:cover;--awb-width-large:66.666666666667%;--awb-margin-top-large:0px;--awb-spacing-right-large:11.52%;--awb-margin-bottom-large:20px;--awb-spacing-left-large:0%;--awb-width-medium:66.666666666667%;--awb-order-medium:0;--awb-spacing-right-medium:11.52%;--awb-spacing-left-medium:0%;--awb-width-small:100%;--awb-order-small:0;--awb-spacing-right-small:1.92%;--awb-spacing-left-small:1.92%;\"><div class=\"fusion-column-wrapper fusion-column-has-shadow fusion-flex-justify-content-flex-start fusion-content-layout-column\"><div class=\"fusion-text fusion-text-1\"><h1 data-fontsize=\"33\" style=\"--fontSize: 33; line-height: 1.06;\" data-lineheight=\"35px\" class=\"fusion-responsive-typography-calculated\">Qualified Breeding Farms in Finland<\/h1>\n<p>There are currently 18 qualified sheep breeding farms in Finland. A farm that participates in animal recording can receive a breeding farm qualification if the animals have a good genetic quality and the farm fulfills the other requirements set for qualified breeding farms. Usually a farm will be certified for the breeding of a single sheep breed, but obtaining a qualification for two breeds is also possible.<\/p>\n<p>Finnish Sheep Breeders Association&#8217;s breeding committee performs yearly quality checks for both existing breeding farms and new farms striving to be qualified as breeding farms. The final decision for approval is done by the association&#8217;s board of trustees.<\/p>\n<p>A qualified breeding farm needs to maintain a clear long-term vision for breeding and sufficient genetic diversity and monitoring to support the process. The farm must be under animal recording, and all lambs produced by ewes and rams belonging to the breeding flock must be weighed and evaluated. Slaughter weights and the weights of adult animals must likewise be recorded. Breeding stock needs to be above average breed quality both structurally and in regards to monitored production qualities. The farm must be at national average or better in all metrics related to animal keeping. The farms are committed to responsible animal trade and will only sell certified, healthy, high-quality purebred animals for breeding use. All breeding farms must be accredited free of Maedi-Visna virus.<\/p>\n<p>Qualified breeding farms are permitted to use the digital breeding farm logo and a signed certificate for export. Certificates can be ordered from the address <a href=\"mailto:sly.jalostusvaliokunta@proagria.fi\">sly.jalostusvaliokunta@proagria.fi<\/a>.<\/p><\/p>\n<\/div><\/div><\/div><div class=\"fusion-layout-column fusion_builder_column fusion-builder-column-1 fusion_builder_column_1_3 1_3 fusion-flex-column\" style=\"--awb-padding-right:30px;--awb-padding-left:30px;--awb-bg-size:cover;--awb-width-large:33.333333333333%;--awb-margin-top-large:0px;--awb-spacing-right-large:23.04%;--awb-margin-bottom-large:20px;--awb-spacing-left-large:-8.64%;--awb-width-medium:33.333333333333%;--awb-order-medium:0;--awb-spacing-right-medium:23.04%;--awb-spacing-left-medium:-8.64%;--awb-width-small:100%;--awb-order-small:0;--awb-spacing-right-small:1.92%;--awb-spacing-left-small:1.92%;\"><div class=\"fusion-column-wrapper fusion-column-has-shadow fusion-flex-justify-content-flex-start fusion-content-layout-column\"><div class=\"fusion-text fusion-text-2\"><p><img decoding=\"async\" class=\"alignnone size-fusion-400 wp-image-24276\" src=\"https:\/\/lammasyhdistys.fi\/wp-content\/uploads\/2024\/05\/Qualified_Breeding_Farm_2024_200dpi-400x375.png\" alt=\"\" width=\"400\" height=\"375\"><img decoding=\"async\" class=\"alignnone size-fusion-400 wp-image-22998\" src=\"https:\/\/lammasyhdistys.fi\/wp-content\/uploads\/2024\/01\/Jalostuslampola_2024_cr_web-400x379.png\" alt=\"\" width=\"400\" height=\"379\" srcset=\"https:\/\/lammasyhdistys.fi\/wp-content\/uploads\/2024\/01\/Jalostuslampola_2024_cr_web-200x190.png 200w, https:\/\/lammasyhdistys.fi\/wp-content\/uploads\/2024\/01\/Jalostuslampola_2024_cr_web-300x285.png 300w, https:\/\/lammasyhdistys.fi\/wp-content\/uploads\/2024\/01\/Jalostuslampola_2024_cr_web-400x379.png 400w, https:\/\/lammasyhdistys.fi\/wp-content\/uploads\/2024\/01\/Jalostuslampola_2024_cr_web.png 507w\" sizes=\"(max-width: 400px) 100vw, 400px\" \/><\/p>\n<p>&nbsp;<\/p>\n<\/div><\/div><\/div><div class=\"fusion-layout-column fusion_builder_column fusion-builder-column-2 fusion_builder_column_1_1 1_1 fusion-flex-column\" style=\"--awb-padding-right:30px;--awb-padding-left:30px;--awb-bg-size:cover;--awb-width-large:100%;--awb-margin-top-large:0px;--awb-spacing-right-large:7.68%;--awb-margin-bottom-large:20px;--awb-spacing-left-large:0%;--awb-width-medium:100%;--awb-order-medium:0;--awb-spacing-right-medium:7.68%;--awb-spacing-left-medium:0%;--awb-width-small:100%;--awb-order-small:0;--awb-spacing-right-small:1.92%;--awb-spacing-left-small:1.92%;\"><div class=\"fusion-column-wrapper fusion-column-has-shadow fusion-flex-justify-content-flex-start fusion-content-layout-column\"><div class=\"fusion-text fusion-text-3\"><h1 class=\"fusion-responsive-typography-calculated\" style=\"--fontsize: 33; line-height: 1.06;\" data-fontsize=\"33\" data-lineheight=\"35px\">Qualified Breeding Farms in 2024<\/h1>\n<h4>\u00c5LAND SHEEP<\/h4>\n<p>Pasi Aholaita ja Satu Alajoki, <a href=\"https:\/\/aholaidantila.fi\/\" target=\"_blank\" rel=\"noopener noreferrer\">Aholaidan tila<\/a>, <a href=\"https:\/\/lammasyhdistys.fi\/en\/aholaidan-lammastila-aland-sheep\/\" target=\"_blank\" rel=\"noopener noreferrer\">Introduction in English<\/a><\/p>\n<h4 class=\"fusion-responsive-typography-calculated\" style=\"--fontsize: 21; line-height: 1.29; --minfontsize: 21;\" data-fontsize=\"21\" data-lineheight=\"27px\">DORSET<\/h4>\n<p>Susanna Nuutinen and Mikael Westerstr\u00e5hle, <a href=\"https:\/\/www.putkisalo.fi\/wp_2020\/\">Putkisalon Kartano<\/a>, <a href=\"https:\/\/lammasyhdistys.fi\/en\/putkisalon-kartano-dorset\/\">Introduction in English<\/a><\/p>\n<h4 class=\"fusion-responsive-typography-calculated\" style=\"--fontsize: 21; line-height: 1.29; --minfontsize: 21;\" data-fontsize=\"21\" data-lineheight=\"27px\">FINNSHEEP<\/h4>\n<p>Pirjo and Hannu Iso-Junno (black), <a href=\"https:\/\/www.finnlamb.fi\/\">Kivipellon tila<\/a><\/p>\n<p>Tony and Kati Kajander (brown and black), <a href=\"http:\/\/perkkiontila.nettisivu.org\/\">Perkki\u00f6n tila<\/a><\/p>\n<p>Lihasulan kartano (valkoinen) <a href=\"https:\/\/www.lihasula.fi\/kartano\/\" target=\"_blank\" rel=\"noopener noreferrer\">Lihasulan Kartano<\/a><\/p>\n<p>Ann-Mari Lintunen (brown), <a href=\"https:\/\/www.facebook.com\/maenkoikkala\/?fref=ts\">M\u00e4enkoikkalan tila<\/a>, <a href=\"https:\/\/lammasyhdistys.fi\/en\/maenkoikkalan-lammastila-brown-finnsheep\/\">Introduction in English<\/a><\/p>\n<p>Juha Koro and Nina Snellman (white), <a href=\"https:\/\/fi-fi.facebook.com\/ylaharkonen\/\">Yl\u00e4-H\u00e4rk\u00f6sen tila<\/a><\/p>\n<p>Pia and Anssi Parikka (white), <a href=\"https:\/\/www.facebook.com\/parikantila\/\">Parikan tila<\/a>, <a href=\"https:\/\/lammasyhdistys.fi\/en\/parikan-tila-white-finnsheep\/\">Introduction in English<\/a><\/p>\n<p>Pasi Aholaita ja Satu Alajoki (brown), <a href=\"https:\/\/aholaidantila.fi\/\" target=\"_blank\" rel=\"noopener noreferrer\">Aholaidan tila<\/a><\/p>\n<h4 class=\"fusion-responsive-typography-calculated\" style=\"--fontsize: 21; line-height: 1.29; --minfontsize: 21;\" data-fontsize=\"21\" data-lineheight=\"27px\">KAINUU GREY<\/h4>\n<p>Pirjo and Hannu Iso-Junno, <a href=\"https:\/\/www.finnlamb.fi\/\">Kivipellon tila<\/a><\/p>\n<p>Kokem\u00e4ki School Farm, <a href=\"mailto:suvi.heinavaara@sasky.fi\">email<\/a>, <a href=\"https:\/\/lammasyhdistys.fi\/en\/huittisten-ammatti-ja-yrittajaopisto-kokemaen-koulutila-kainuu-grey\/\">Introduction in English<\/a><\/p>\n<p>Helin\u00e4 Lepp\u00e4nen, <a href=\"https:\/\/www.facebook.com\/Noittaantila-410969925668842\/?fref=ts\">Noittaan tila<\/a><\/p>\n<p>Niina and Ismo Lohva, <a href=\"https:\/\/www.facebook.com\/Lahtelan-lammastila-516708868446177\/\">Lahtelan lammastila<\/a><\/p>\n<h4 class=\"fusion-responsive-typography-calculated\" style=\"--fontsize: 21; line-height: 1.29; --minfontsize: 21;\" data-fontsize=\"21\" data-lineheight=\"27px\">OXFORD DOWN<\/h4>\n<p>Heli Rosvall, Heli\u00b4s Oxford, <a href=\"https:\/\/lammasyhdistys.fi\/en\/helis-oxford-oxforddown\/\">Introduction in English<\/a><\/p>\n<p>Hannele Enberg and Timo Enberg, <a href=\"https:\/\/woolenberg.com\/\">Woolenberg<\/a>, <a href=\"https:\/\/lammasyhdistys.fi\/en\/woolenberg-oxforddown\/\">Introduction in English<\/a><\/p>\n<p>Roosa Honkanen, <a href=\"http:\/\/www.sirolantila.com\/fi\/\" target=\"_blank\" rel=\"noopener\">Sirolan lammastila<\/a>, <a href=\"https:\/\/lammasyhdistys.fi\/en\/sirola-sheep-farm-oxford-down\/\">Introduction in English<\/a><\/p>\n<h4 class=\"fusion-responsive-typography-calculated\" style=\"--fontsize: 21; line-height: 1.29; --minfontsize: 21;\" data-fontsize=\"21\" data-lineheight=\"27px\">SUFFOLK<\/h4>\n<p>Hannele and Juha Moisander, <a href=\"mailto:juha.moisander@aph-farming.fi\">email<\/a>, <a href=\"https:\/\/lammasyhdistys.fi\/en\/anttila-suffolk\/\">Introduction in English<\/a><\/p>\n<h4 class=\"fusion-responsive-typography-calculated\" style=\"--fontsize: 21; line-height: 1.29; --minfontsize: 21;\" data-fontsize=\"21\" data-lineheight=\"27px\">TEXEL<\/h4>\n<p>Paula Kiiski (white), <a href=\"mailto:paula.kiiski@gmail.com\">email<\/a><\/p>\n<p>Sarita Mikkonen (white), <a href=\"http:\/\/suosaarentila.fi\/\">Suosaaren Texel<\/a>, <a href=\"https:\/\/lammasyhdistys.fi\/en\/suosaaren-texel\/\">Introduction in English<\/a><\/p>\n<p>Christer Ollqvist (white), <a href=\"https:\/\/www.facebook.com\/ollqvist\">Ollqvistin lammastila<\/a>, <a href=\"https:\/\/lammasyhdistys.fi\/en\/ollqvistin-lammastila-texel-ollqvist-farfarm\/\" target=\"_blank\" rel=\"noopener\">Introduction in English<\/a><\/p>\n<h2 class=\"fusion-responsive-typography-calculated\" style=\"--fontsize: 27; line-height: 1.07;\" data-fontsize=\"27\" data-lineheight=\"29px\"> <\/h2>\n<h1 class=\"fusion-responsive-typography-calculated\" style=\"--fontsize: 33; line-height: 1.06;\" data-fontsize=\"33\" data-lineheight=\"35px\"><strong>A map of Qualified Sheep Breeding Farms<\/strong><\/h1>\n<p><iframe src=\"https:\/\/www.google.com\/maps\/d\/u\/0\/embed?mid=1pKxR85uNNFgAEWIZnwA6ZmrBLfO6Eb37\" width=\"940\" height=\"780\" data-mce-fragment=\"1\"><\/iframe><\/p>\n<\/div><\/div><\/div><\/div><\/div>\n","protected":false},"excerpt":{"rendered":"","protected":false},"author":7,"featured_media":0,"parent":0,"menu_order":0,"comment_status":"closed","ping_status":"closed","template":"","meta":{"footnotes":""},"class_list":["post-16965","page","type-page","status-publish","hentry"],"_links":{"self":[{"href":"https:\/\/lammasyhdistys.fi\/en\/wp-json\/wp\/v2\/pages\/16965","targetHints":{"allow":["GET"]}}],"collection":[{"href":"https:\/\/lammasyhdistys.fi\/en\/wp-json\/wp\/v2\/pages"}],"about":[{"href":"https:\/\/lammasyhdistys.fi\/en\/wp-json\/wp\/v2\/types\/page"}],"author":[{"embeddable":true,"href":"https:\/\/lammasyhdistys.fi\/en\/wp-json\/wp\/v2\/users\/7"}],"replies":[{"embeddable":true,"href":"https:\/\/lammasyhdistys.fi\/en\/wp-json\/wp\/v2\/comments?post=16965"}],"version-history":[{"count":29,"href":"https:\/\/lammasyhdistys.fi\/en\/wp-json\/wp\/v2\/pages\/16965\/revisions"}],"predecessor-version":[{"id":24961,"href":"https:\/\/lammasyhdistys.fi\/en\/wp-json\/wp\/v2\/pages\/16965\/revisions\/24961"}],"wp:attachment":[{"href":"https:\/\/lammasyhdistys.fi\/en\/wp-json\/wp\/v2\/media?parent=16965"}],"curies":[{"name":"wp","href":"https:\/\/api.w.org\/{rel}","templated":true}]}}