{"id":17832,"date":"2022-08-01T10:55:46","date_gmt":"2022-08-01T07:55:46","guid":{"rendered":"https:\/\/lammasyhdistys.fi\/?page_id=17070"},"modified":"2025-01-01T17:00:07","modified_gmt":"2025-01-01T15:00:07","slug":"kainuu-grey","status":"publish","type":"page","link":"https:\/\/lammasyhdistys.fi\/en\/kainuu-grey\/","title":{"rendered":"Kainuu Grey"},"content":{"rendered":"<div class=\"fusion-fullwidth fullwidth-box fusion-builder-row-1 fusion-flex-container nonhundred-percent-fullwidth non-hundred-percent-height-scrolling\" style=\"--awb-border-radius-top-left:0px;--awb-border-radius-top-right:0px;--awb-border-radius-bottom-right:0px;--awb-border-radius-bottom-left:0px;--awb-flex-wrap:wrap;\" ><div class=\"fusion-builder-row fusion-row fusion-flex-align-items-flex-start fusion-flex-content-wrap\" style=\"max-width:1248px;margin-left: calc(-4% \/ 2 );margin-right: calc(-4% \/ 2 );\"><div class=\"fusion-layout-column fusion_builder_column fusion-builder-column-0 fusion_builder_column_1_1 1_1 fusion-flex-column\" style=\"--awb-padding-right:30px;--awb-padding-left:30px;--awb-bg-blend:overlay;--awb-bg-size:cover;--awb-width-large:100%;--awb-margin-top-large:0px;--awb-spacing-right-large:7.68%;--awb-margin-bottom-large:0px;--awb-spacing-left-large:0%;--awb-width-medium:100%;--awb-spacing-right-medium:7.68%;--awb-spacing-left-medium:0%;--awb-width-small:100%;--awb-spacing-right-small:1.92%;--awb-spacing-left-small:1.92%;\"><div class=\"fusion-column-wrapper fusion-flex-justify-content-flex-start fusion-content-layout-column\"><div class=\"fusion-text fusion-text-1\"><h1 class=\"fusion-responsive-typography-calculated\" style=\"--fontsize: 33; line-height: 1.06; --fontSize: 33;\" data-fontsize=\"33\" data-lineheight=\"35px\">Kainuu Grey<\/h1>\n<p><img decoding=\"async\" class=\"alignnone size-full wp-image-3124\" src=\"https:\/\/lammasyhdistys.fi\/wp-content\/uploads\/2016\/03\/ria_valjanen_2_cr.jpg\" alt=\"Harmakset laitumella Noittaantilalla Tohmaj\u00e4rvell\u00e4.\" width=\"3264\" height=\"883\" srcset=\"https:\/\/lammasyhdistys.fi\/wp-content\/uploads\/2016\/03\/ria_valjanen_2_cr-300x81.jpg 300w, https:\/\/lammasyhdistys.fi\/wp-content\/uploads\/2016\/03\/ria_valjanen_2_cr-768x208.jpg 768w, https:\/\/lammasyhdistys.fi\/wp-content\/uploads\/2016\/03\/ria_valjanen_2_cr-1024x277.jpg 1024w, https:\/\/lammasyhdistys.fi\/wp-content\/uploads\/2016\/03\/ria_valjanen_2_cr.jpg 3264w\" sizes=\"(max-width: 3264px) 100vw, 3264px\" \/><\/p>\n<p>The Kainuu Grey breed belongs to the Northern European short-tailed breed group. It is a native Finnish breed well adapted to the local environment. Active revitalisation of the endangered grey landrace breed was started in the 1980s by Pertti Hankonen, and the Kainuu Grey was recognised as a distinct breed after DNA studies performed after year 2000. Animal recording data from the year 2023 accounts for 1 137 purebred lambed Kainuu Grey ewes. With more than one thousand ewes the breed is no longer considered endangered, but breeders still need to be careful to minimise inbreeding. The closest relatives of the Kainuu Grey are the Finnsheep and certain northwestern Russian breeds.<\/p>\n<h2 class=\"fusion-responsive-typography-calculated\" style=\"--fontsize: 27; line-height: 1.07; --fontSize: 27;\" data-fontsize=\"27\" data-lineheight=\"29px\">Variable appearance<\/h2>\n<p>The Kainuu Grey is a medium-sized breed; adult rams average 65 to 85 kg in weight, ewes 55 to 65 kg. Recording data from the year 2023 indicates an average 3.7 kg birth weight for lambs with an average daily growth of 190 g. Kainuu Grey sheep can be horned or polled. One typical breed characteristic is a violet tint to the skin and the tongue.<\/p>\n<p><a href=\"https:\/\/lammasyhdistys.fi\/wp-content\/uploads\/2019\/02\/Harmasp\u00e4ssej\u00e4-Saramolla.jpg\"><img decoding=\"async\" class=\"alignright size-full wp-image-15187\" src=\"https:\/\/lammasyhdistys.fi\/wp-content\/uploads\/2019\/02\/Harmasp\u00e4ssej\u00e4-Saramolla.jpg\" alt=\"\" width=\"500\" height=\"333\"><\/a>The colour of Kainuu Grey wool varies from white to black, with various shades of grey in between. The most typical colour for adults is a light grey. Lambs are usually born nearly black; the wool begins to lighten at the age of a few months, with the adult colour reached at the age of one to two years. The smooth guard hair on the head and legs remains black. A small percentage of Kainuu Grey sheep are brown. In adults brown wool typically lightens to light grey or beige, with head and legs remaining darker brown. The breed standard for Kainuu Grey allows for white or black, all shades of grey and brown. Partially white guard hairs are also permitted.<\/p>\n<p>Kainuu Grey wool consists of ground hair and guard hair. Both sexes sometimes have a dark back stripe composed of dark guard hair; rams can also have a dark mane.<\/p>\n<p>Kainuu Grey sheep are unofficially divided into wool-type and fur type. The wool is mostly medium fine. Individual wool quality varies greatly, and even the same individual can have different types of wool. The best kind of Kainuu Grey wool has a pearlescent sheen to it. Fur-type wool is fluffy, with large curls.<\/p>\n<h2 class=\"fusion-responsive-typography-calculated\" style=\"--fontsize: 27; line-height: 1.07; --fontSize: 27;\" data-fontsize=\"27\" data-lineheight=\"29px\">A fertile and versatile breed<\/h2>\n<p><strong><a href=\"https:\/\/lammasyhdistys.fi\/wp-content\/uploads\/2022\/08\/harmasuuhi_karitsat_cr.jpg\"><img decoding=\"async\" class=\"alignleft wp-image-17090\" src=\"https:\/\/lammasyhdistys.fi\/wp-content\/uploads\/2022\/08\/harmasuuhi_karitsat_cr.jpg\" alt=\"\" width=\"400\" height=\"400\"><\/a> <\/strong>The Kainuu Grey is characterised as lively, curious, friendly and easy to handle. The breed&#8217;s fertility is excellent. Sexual maturity is reached early and ewes can be bred in all seasons. Estrus is typically intense, with most pregnancies resulting in multiple births. Recording data from the year 2023 indicates an average of 2,7 lambs born to ewes over two years old. Mothering ability and milk production are good, with recording data from 2023 indicating an average of 2,44 surviving lambs with an average total weight of 27,6 kg at four months of age.<\/p>\n<p>Slaughter characteristics are fair. Time to slaughter maturity varies from six months to nearly a year. Kainuu Grey sheep do not have a high tendency towards fattening and most of the fat is extramuscular, allowing it to be easily removed. Recent years have seen positive development in muscularity.<\/p>\n<p>Kainuu Grey sheep are healthy and resilient, and are versatile in their possible uses. In addition to meat production, wool and pelts in different colors are valued especially for direct sale. The breed&#8217;s agility and relative lightness make it well suited for use in landscaping.<\/p>\n<h2 class=\"fusion-responsive-typography-calculated\" style=\"--fontsize: 27; line-height: 1.07; --fontSize: 27;\" data-fontsize=\"27\" data-lineheight=\"29px\">Breeding goals<\/h2>\n<p>The main goals in Kainuu Grey breeding are preservation of the breed itself, of its seven primary ram lines (A, I, L, M, P, R and T), its characteristic coloration and its good landscaping ability. Other goals include preservation of its good fertility and improvement of meat and wool quality to meet the demands of the industry and consumers. For this purpose, the following characteristics are monitored: fertility, mothering ability, growth rate, slaughter characteristics, health, build, the amount and quality of wool, and pelt quality.<\/p>\n<p><a href=\"https:\/\/lammasyhdistys.fi\/wp-content\/uploads\/2016\/08\/Ktk-ohjes\u00e4\u00e4nt\u00f6-Kainuunharmas-2015-Eviraan-hyv\u00e4ks.-29.2.2016.pdf\">The directives for the Kainuu Grey flock-book<\/a> were approved in 2016.<\/p>\n<p><a href=\"https:\/\/lammasyhdistys.fi\/wp-content\/uploads\/2017\/11\/Maisterintutkielma_Hannele_Rissanen.pdf\">Estimation of genetic diversity of the Kainuu Grey using pedigree data<\/a>, Hannele Rissanen, 2017<\/p>\n<p><a href=\"https:\/\/lammasyhdistys.fi\/wp-content\/uploads\/2016\/03\/Kainuunharmas_jalostusopas_2016_nettiin.pdf\">Breeding guide for Kainuu Grey<\/a>, Anna Sil\u00e9n, 2015<\/p>\n<p><a href=\"https:\/\/lammasyhdistys.fi\/wp-content\/uploads\/2017\/11\/Rissanen_Hannele_kh_rotuominaisuudet.pdf\">Breed features of Grey Finnsheep<\/a>, Hannele Rissanen, 2011<\/p>\n<h2 class=\"fusion-responsive-typography-calculated\" style=\"--fontsize: 27; line-height: 1.07; --fontSize: 27;\" data-fontsize=\"27\" data-lineheight=\"29px\"><img decoding=\"async\" class=\"alignright wp-image-23003\" src=\"https:\/\/lammasyhdistys.fi\/wp-content\/uploads\/2024\/01\/Jalostuslampola_2024_artikkeli_744x497-300x200.png\" alt=\"\" width=\"250\" height=\"167\" srcset=\"https:\/\/lammasyhdistys.fi\/wp-content\/uploads\/2024\/01\/Jalostuslampola_2024_artikkeli_744x497-200x134.png 200w, https:\/\/lammasyhdistys.fi\/wp-content\/uploads\/2024\/01\/Jalostuslampola_2024_artikkeli_744x497-300x200.png 300w, https:\/\/lammasyhdistys.fi\/wp-content\/uploads\/2024\/01\/Jalostuslampola_2024_artikkeli_744x497-400x267.png 400w, https:\/\/lammasyhdistys.fi\/wp-content\/uploads\/2024\/01\/Jalostuslampola_2024_artikkeli_744x497-600x401.png 600w, https:\/\/lammasyhdistys.fi\/wp-content\/uploads\/2024\/01\/Jalostuslampola_2024_artikkeli_744x497.png 744w\" sizes=\"(max-width: 250px) 100vw, 250px\" \/>Qualified Breeding Farms 2024                                                           <\/h2>\n<p>Pirjo and Hannu Iso-Junno, <a href=\"https:\/\/www.finnlamb.fi\/\" target=\"_blank\" rel=\"noopener noreferrer\">Kivipellon tila<\/a>, <a href=\"mailto:hannuisojunno@gmail.com\" target=\"_blank\" rel=\"noopener noreferrer\">email<\/a><\/p>\n<p>Niina and Ismo Lohva, <a href=\"https:\/\/fi-fi.facebook.com\/Lahtelan-lammastila-516708868446177\/\">Lahtelan lammastila<\/a><\/p>\n<p>Kokem\u00e4en koulutila, <a href=\"mailto:suvi.heinavaara@sasky.fi\" target=\"_blank\" rel=\"noopener noreferrer\">email<\/a><\/p>\n<p>Helin\u00e4 Lepp\u00e4nen,<a href=\"https:\/\/www.facebook.com\/profile.php?id=100066352642699\"> Noittaan tila<\/a><\/p>\n<h2 class=\"fusion-responsive-typography-calculated\" style=\"--fontsize: 27; line-height: 1.07; --fontSize: 27;\" data-fontsize=\"27\" data-lineheight=\"29px\">Click on the pictures to enlarge:<\/h2>\n<\/p>\n\n\t\t<style type=\"text\/css\">\n\t\t\t#gallery-1 {\n\t\t\t\tmargin: auto;\n\t\t\t}\n\t\t\t#gallery-1 .gallery-item {\n\t\t\t\tfloat: left;\n\t\t\t\tmargin-top: 10px;\n\t\t\t\ttext-align: center;\n\t\t\t\twidth: 20%;\n\t\t\t}\n\t\t\t#gallery-1 img {\n\t\t\t\tborder: 2px solid #cfcfcf;\n\t\t\t}\n\t\t\t#gallery-1 .gallery-caption {\n\t\t\t\tmargin-left: 0;\n\t\t\t}\n\t\t\t\/* see gallery_shortcode() in wp-includes\/media.php *\/\n\t\t<\/style>\n\t\t<div id='gallery-1' class='gallery galleryid-17832 gallery-columns-5 gallery-size-thumbnail'><dl class='gallery-item'>\n\t\t\t<dt class='gallery-icon landscape'>\n\t\t\t\t<a data-rel=\"iLightbox[postimages]\" data-title=\"IMG_3543\" data-caption=\"Kainuunharmaskaritsat nauttivat kes\u00e4st\u00e4\" href='https:\/\/lammasyhdistys.fi\/wp-content\/uploads\/2016\/03\/IMG_3543.jpg'><img decoding=\"async\" width=\"150\" height=\"150\" src=\"https:\/\/lammasyhdistys.fi\/wp-content\/uploads\/2016\/03\/IMG_3543-150x150.jpg\" class=\"attachment-thumbnail size-thumbnail\" alt=\"\" aria-describedby=\"gallery-1-13467\" srcset=\"https:\/\/lammasyhdistys.fi\/wp-content\/uploads\/2016\/03\/IMG_3543-60x60.jpg 60w, https:\/\/lammasyhdistys.fi\/wp-content\/uploads\/2016\/03\/IMG_3543-150x150.jpg 150w\" sizes=\"(max-width: 150px) 100vw, 150px\" \/><\/a>\n\t\t\t<\/dt>\n\t\t\t\t<dd class='wp-caption-text gallery-caption' id='gallery-1-13467'>\n\t\t\t\tKainuunharmaskaritsat nauttivat kes\u00e4st\u00e4\n\t\t\t\t<\/dd><\/dl><dl class='gallery-item'>\n\t\t\t<dt class='gallery-icon portrait'>\n\t\t\t\t<a data-rel=\"iLightbox[postimages]\" data-title=\"markiisi\" data-caption=\"T-linjan ruskea harmasp\u00e4ssi\" href='https:\/\/lammasyhdistys.fi\/wp-content\/uploads\/2016\/03\/markiisi.jpg'><img decoding=\"async\" width=\"150\" height=\"150\" src=\"https:\/\/lammasyhdistys.fi\/wp-content\/uploads\/2016\/03\/markiisi-150x150.jpg\" class=\"attachment-thumbnail size-thumbnail\" alt=\"\" aria-describedby=\"gallery-1-13475\" srcset=\"https:\/\/lammasyhdistys.fi\/wp-content\/uploads\/2016\/03\/markiisi-60x60.jpg 60w, https:\/\/lammasyhdistys.fi\/wp-content\/uploads\/2016\/03\/markiisi-150x150.jpg 150w\" sizes=\"(max-width: 150px) 100vw, 150px\" \/><\/a>\n\t\t\t<\/dt>\n\t\t\t\t<dd class='wp-caption-text gallery-caption' id='gallery-1-13475'>\n\t\t\t\tT-linjan ruskea harmasp\u00e4ssi\n\t\t\t\t<\/dd><\/dl><dl class='gallery-item'>\n\t\t\t<dt class='gallery-icon landscape'>\n\t\t\t\t<a data-rel=\"iLightbox[postimages]\" data-title=\"harmas_uuhikaritsat_kerittyn\u00e4_cr\" data-caption=\"Kerityt uuhikaritsat pihalaitumella\" href='https:\/\/lammasyhdistys.fi\/wp-content\/uploads\/2016\/03\/harmas_uuhikaritsat_kerittyn\u00e4_cr.jpg'><img decoding=\"async\" width=\"150\" height=\"150\" src=\"https:\/\/lammasyhdistys.fi\/wp-content\/uploads\/2016\/03\/harmas_uuhikaritsat_kerittyn\u00e4_cr-150x150.jpg\" class=\"attachment-thumbnail size-thumbnail\" alt=\"\" aria-describedby=\"gallery-1-13471\" srcset=\"https:\/\/lammasyhdistys.fi\/wp-content\/uploads\/2016\/03\/harmas_uuhikaritsat_kerittyn\u00e4_cr-60x60.jpg 60w, https:\/\/lammasyhdistys.fi\/wp-content\/uploads\/2016\/03\/harmas_uuhikaritsat_kerittyn\u00e4_cr-150x150.jpg 150w\" sizes=\"(max-width: 150px) 100vw, 150px\" \/><\/a>\n\t\t\t<\/dt>\n\t\t\t\t<dd class='wp-caption-text gallery-caption' id='gallery-1-13471'>\n\t\t\t\tKerityt uuhikaritsat pihalaitumella\n\t\t\t\t<\/dd><\/dl><dl class='gallery-item'>\n\t\t\t<dt class='gallery-icon landscape'>\n\t\t\t\t<a data-rel=\"iLightbox[postimages]\" data-title=\"lohva_talja_web_cr\" data-caption=\"Harmastaljan kaunis kihara\" href='https:\/\/lammasyhdistys.fi\/wp-content\/uploads\/2016\/03\/lohva_talja_web_cr.jpg'><img decoding=\"async\" width=\"150\" height=\"150\" src=\"https:\/\/lammasyhdistys.fi\/wp-content\/uploads\/2016\/03\/lohva_talja_web_cr-150x150.jpg\" class=\"attachment-thumbnail size-thumbnail\" alt=\"\" aria-describedby=\"gallery-1-13825\" srcset=\"https:\/\/lammasyhdistys.fi\/wp-content\/uploads\/2016\/03\/lohva_talja_web_cr-60x60.jpg 60w, https:\/\/lammasyhdistys.fi\/wp-content\/uploads\/2016\/03\/lohva_talja_web_cr-150x150.jpg 150w\" sizes=\"(max-width: 150px) 100vw, 150px\" \/><\/a>\n\t\t\t<\/dt>\n\t\t\t\t<dd class='wp-caption-text gallery-caption' id='gallery-1-13825'>\n\t\t\t\tHarmastaljan kaunis kihara\n\t\t\t\t<\/dd><\/dl><dl class='gallery-item'>\n\t\t\t<dt class='gallery-icon landscape'>\n\t\t\t\t<a data-rel=\"iLightbox[postimages]\" data-title=\"DSC_8302-001\" data-caption=\"Harmasryhm\u00e4 hurmasi Juvan p\u00e4ssin\u00e4yttelyss\u00e4 syyskuussa 2017.\" href='https:\/\/lammasyhdistys.fi\/wp-content\/uploads\/2016\/03\/DSC_8302-001.jpg'><img decoding=\"async\" width=\"150\" height=\"150\" src=\"https:\/\/lammasyhdistys.fi\/wp-content\/uploads\/2016\/03\/DSC_8302-001-150x150.jpg\" class=\"attachment-thumbnail size-thumbnail\" alt=\"\" aria-describedby=\"gallery-1-14383\" srcset=\"https:\/\/lammasyhdistys.fi\/wp-content\/uploads\/2016\/03\/DSC_8302-001-60x60.jpg 60w, https:\/\/lammasyhdistys.fi\/wp-content\/uploads\/2016\/03\/DSC_8302-001-150x150.jpg 150w\" sizes=\"(max-width: 150px) 100vw, 150px\" \/><\/a>\n\t\t\t<\/dt>\n\t\t\t\t<dd class='wp-caption-text gallery-caption' id='gallery-1-14383'>\n\t\t\t\tHarmasryhm\u00e4 hurmasi Juvan p\u00e4ssin\u00e4yttelyss\u00e4 syyskuussa 2017.\n\t\t\t\t<\/dd><\/dl><br style=\"clear: both\" \/>\n\t\t<\/div>\n\n<\/div><\/div><\/div><div class=\"fusion-layout-column fusion_builder_column fusion-builder-column-1 fusion_builder_column_1_1 1_1 fusion-flex-column\" style=\"--awb-bg-size:cover;--awb-width-large:100%;--awb-margin-top-large:0px;--awb-spacing-right-large:1.92%;--awb-margin-bottom-large:20px;--awb-spacing-left-large:1.92%;--awb-width-medium:100%;--awb-order-medium:0;--awb-spacing-right-medium:1.92%;--awb-spacing-left-medium:1.92%;--awb-width-small:100%;--awb-order-small:0;--awb-spacing-right-small:1.92%;--awb-spacing-left-small:1.92%;\"><div class=\"fusion-column-wrapper fusion-column-has-shadow fusion-flex-justify-content-flex-start fusion-content-layout-column\"><div class=\"fusion-text fusion-text-2\"><h2>More information <a href=\"https:\/\/lammasyhdistys.fi\/kainuunharmas-kajanalands-gra-kainuu-grey\/\" target=\"_blank\" rel=\"noopener noreferrer\">here &gt;<\/a><\/h2>\n<\/div><\/div><\/div><div class=\"fusion-layout-column fusion_builder_column fusion-builder-column-2 fusion_builder_column_1_2 1_2 fusion-flex-column\" style=\"--awb-bg-size:cover;--awb-width-large:50%;--awb-margin-top-large:0px;--awb-spacing-right-large:3.84%;--awb-margin-bottom-large:20px;--awb-spacing-left-large:3.84%;--awb-width-medium:50%;--awb-order-medium:0;--awb-spacing-right-medium:3.84%;--awb-spacing-left-medium:3.84%;--awb-width-small:100%;--awb-order-small:0;--awb-spacing-right-small:1.92%;--awb-spacing-left-small:1.92%;\"><div class=\"fusion-column-wrapper fusion-column-has-shadow fusion-flex-justify-content-flex-start fusion-content-layout-column\"><div class=\"fusion-image-element \" style=\"--awb-caption-title-font-family:var(--h2_typography-font-family);--awb-caption-title-font-weight:var(--h2_typography-font-weight);--awb-caption-title-font-style:var(--h2_typography-font-style);--awb-caption-title-size:var(--h2_typography-font-size);--awb-caption-title-transform:var(--h2_typography-text-transform);--awb-caption-title-line-height:var(--h2_typography-line-height);--awb-caption-title-letter-spacing:var(--h2_typography-letter-spacing);\"><span class=\" fusion-imageframe imageframe-none imageframe-1 hover-type-none\"><img decoding=\"async\" width=\"600\" height=\"424\" title=\"Kainuunharmas_uuhi_karitsoineen_nettikoko_72_dpi\" src=\"https:\/\/lammasyhdistys.fi\/wp-content\/uploads\/2024\/01\/Kainuunharmas_uuhi_karitsoineen_nettikoko_72_dpi-600x424.jpg\" alt class=\"img-responsive wp-image-22594\" srcset=\"https:\/\/lammasyhdistys.fi\/wp-content\/uploads\/2024\/01\/Kainuunharmas_uuhi_karitsoineen_nettikoko_72_dpi-200x141.jpg 200w, https:\/\/lammasyhdistys.fi\/wp-content\/uploads\/2024\/01\/Kainuunharmas_uuhi_karitsoineen_nettikoko_72_dpi-400x283.jpg 400w, https:\/\/lammasyhdistys.fi\/wp-content\/uploads\/2024\/01\/Kainuunharmas_uuhi_karitsoineen_nettikoko_72_dpi-600x424.jpg 600w, https:\/\/lammasyhdistys.fi\/wp-content\/uploads\/2024\/01\/Kainuunharmas_uuhi_karitsoineen_nettikoko_72_dpi-800x565.jpg 800w, https:\/\/lammasyhdistys.fi\/wp-content\/uploads\/2024\/01\/Kainuunharmas_uuhi_karitsoineen_nettikoko_72_dpi-1200x848.jpg 1200w\" sizes=\"(max-width: 640px) 100vw, 600px\" \/><\/span><\/div><\/div><\/div><div class=\"fusion-layout-column fusion_builder_column fusion-builder-column-3 fusion_builder_column_1_2 1_2 fusion-flex-column\" style=\"--awb-bg-size:cover;--awb-width-large:50%;--awb-margin-top-large:0px;--awb-spacing-right-large:3.84%;--awb-margin-bottom-large:20px;--awb-spacing-left-large:3.84%;--awb-width-medium:50%;--awb-order-medium:0;--awb-spacing-right-medium:3.84%;--awb-spacing-left-medium:3.84%;--awb-width-small:100%;--awb-order-small:0;--awb-spacing-right-small:1.92%;--awb-spacing-left-small:1.92%;\"><div class=\"fusion-column-wrapper fusion-column-has-shadow fusion-flex-justify-content-flex-start fusion-content-layout-column\"><div class=\"fusion-image-element \" style=\"--awb-caption-title-font-family:var(--h2_typography-font-family);--awb-caption-title-font-weight:var(--h2_typography-font-weight);--awb-caption-title-font-style:var(--h2_typography-font-style);--awb-caption-title-size:var(--h2_typography-font-size);--awb-caption-title-transform:var(--h2_typography-text-transform);--awb-caption-title-line-height:var(--h2_typography-line-height);--awb-caption-title-letter-spacing:var(--h2_typography-letter-spacing);\"><span class=\" fusion-imageframe imageframe-none imageframe-2 hover-type-none\"><img decoding=\"async\" width=\"600\" height=\"424\" title=\"Kainuunharmas_p\u00e4ssi_nettikoko_72_dpi\" src=\"https:\/\/lammasyhdistys.fi\/wp-content\/uploads\/2024\/01\/Kainuunharmas_passi_nettikoko_72_dpi-600x424.jpg\" alt class=\"img-responsive wp-image-22597\" srcset=\"https:\/\/lammasyhdistys.fi\/wp-content\/uploads\/2024\/01\/Kainuunharmas_passi_nettikoko_72_dpi-200x141.jpg 200w, https:\/\/lammasyhdistys.fi\/wp-content\/uploads\/2024\/01\/Kainuunharmas_passi_nettikoko_72_dpi-400x283.jpg 400w, https:\/\/lammasyhdistys.fi\/wp-content\/uploads\/2024\/01\/Kainuunharmas_passi_nettikoko_72_dpi-600x424.jpg 600w, https:\/\/lammasyhdistys.fi\/wp-content\/uploads\/2024\/01\/Kainuunharmas_passi_nettikoko_72_dpi-800x565.jpg 800w, https:\/\/lammasyhdistys.fi\/wp-content\/uploads\/2024\/01\/Kainuunharmas_passi_nettikoko_72_dpi-1200x848.jpg 1200w\" sizes=\"(max-width: 640px) 100vw, 600px\" \/><\/span><\/div><\/div><\/div><\/div><\/div>\n","protected":false},"excerpt":{"rendered":"","protected":false},"author":7,"featured_media":0,"parent":0,"menu_order":0,"comment_status":"closed","ping_status":"closed","template":"","meta":{"footnotes":""},"class_list":["post-17832","page","type-page","status-publish","hentry"],"_links":{"self":[{"href":"https:\/\/lammasyhdistys.fi\/en\/wp-json\/wp\/v2\/pages\/17832","targetHints":{"allow":["GET"]}}],"collection":[{"href":"https:\/\/lammasyhdistys.fi\/en\/wp-json\/wp\/v2\/pages"}],"about":[{"href":"https:\/\/lammasyhdistys.fi\/en\/wp-json\/wp\/v2\/types\/page"}],"author":[{"embeddable":true,"href":"https:\/\/lammasyhdistys.fi\/en\/wp-json\/wp\/v2\/users\/7"}],"replies":[{"embeddable":true,"href":"https:\/\/lammasyhdistys.fi\/en\/wp-json\/wp\/v2\/comments?post=17832"}],"version-history":[{"count":12,"href":"https:\/\/lammasyhdistys.fi\/en\/wp-json\/wp\/v2\/pages\/17832\/revisions"}],"predecessor-version":[{"id":26601,"href":"https:\/\/lammasyhdistys.fi\/en\/wp-json\/wp\/v2\/pages\/17832\/revisions\/26601"}],"wp:attachment":[{"href":"https:\/\/lammasyhdistys.fi\/en\/wp-json\/wp\/v2\/media?parent=17832"}],"curies":[{"name":"wp","href":"https:\/\/api.w.org\/{rel}","templated":true}]}}