{"id":17838,"date":"2022-08-06T15:34:25","date_gmt":"2022-08-06T12:34:25","guid":{"rendered":"https:\/\/lammasyhdistys.fi\/?page_id=17313"},"modified":"2025-01-01T18:02:21","modified_gmt":"2025-01-01T16:02:21","slug":"aland_sheep","status":"publish","type":"page","link":"https:\/\/lammasyhdistys.fi\/en\/aland_sheep\/","title":{"rendered":"\u00c5land Sheep"},"content":{"rendered":"<p><div class=\"fusion-fullwidth fullwidth-box fusion-builder-row-1 fusion-flex-container nonhundred-percent-fullwidth non-hundred-percent-height-scrolling\" style=\"--awb-border-radius-top-left:0px;--awb-border-radius-top-right:0px;--awb-border-radius-bottom-right:0px;--awb-border-radius-bottom-left:0px;--awb-flex-wrap:wrap;\" ><div class=\"fusion-builder-row fusion-row fusion-flex-align-items-flex-start fusion-flex-content-wrap\" style=\"max-width:1248px;margin-left: calc(-4% \/ 2 );margin-right: calc(-4% \/ 2 );\"><div class=\"fusion-layout-column fusion_builder_column fusion-builder-column-0 fusion_builder_column_1_1 1_1 fusion-flex-column\" style=\"--awb-bg-size:cover;--awb-width-large:100%;--awb-margin-top-large:0px;--awb-spacing-right-large:1.92%;--awb-margin-bottom-large:0px;--awb-spacing-left-large:1.92%;--awb-width-medium:100%;--awb-spacing-right-medium:1.92%;--awb-spacing-left-medium:1.92%;--awb-width-small:100%;--awb-spacing-right-small:1.92%;--awb-spacing-left-small:1.92%;\"><div class=\"fusion-column-wrapper fusion-flex-justify-content-flex-start fusion-content-layout-column\"><div class=\"fusion-text fusion-text-1\"><h1 data-fontsize=\"33\" style=\"--fontSize: 33; line-height: 1.06;\" data-lineheight=\"35px\" class=\"fusion-responsive-typography-calculated\">\u00c5land Sheep<\/h1>\n<\/p>\n\n\t\t<style type=\"text\/css\">\n\t\t\t#gallery-1 {\n\t\t\t\tmargin: auto;\n\t\t\t}\n\t\t\t#gallery-1 .gallery-item {\n\t\t\t\tfloat: left;\n\t\t\t\tmargin-top: 10px;\n\t\t\t\ttext-align: center;\n\t\t\t\twidth: 33%;\n\t\t\t}\n\t\t\t#gallery-1 img {\n\t\t\t\tborder: 2px solid #cfcfcf;\n\t\t\t}\n\t\t\t#gallery-1 .gallery-caption {\n\t\t\t\tmargin-left: 0;\n\t\t\t}\n\t\t\t\/* see gallery_shortcode() in wp-includes\/media.php *\/\n\t\t<\/style>\n\t\t<div id='gallery-1' class='gallery galleryid-17838 gallery-columns-3 gallery-size-large'><dl class='gallery-item'>\n\t\t\t<dt class='gallery-icon landscape'>\n\t\t\t\t<a data-rel=\"iLightbox[postimages]\" data-title=\"affeuuhi_xcr_rajattu\" data-caption=\"Horned ewe\" href='https:\/\/lammasyhdistys.fi\/wp-content\/uploads\/2022\/08\/affeuuhi_xcr_rajattu.jpg'><img decoding=\"async\" width=\"1024\" height=\"670\" src=\"https:\/\/lammasyhdistys.fi\/wp-content\/uploads\/2022\/08\/affeuuhi_xcr_rajattu-1024x670.jpg\" class=\"attachment-large size-large\" alt=\"\" aria-describedby=\"gallery-1-17879\" srcset=\"https:\/\/lammasyhdistys.fi\/wp-content\/uploads\/2022\/08\/affeuuhi_xcr_rajattu-200x131.jpg 200w, https:\/\/lammasyhdistys.fi\/wp-content\/uploads\/2022\/08\/affeuuhi_xcr_rajattu-300x196.jpg 300w, https:\/\/lammasyhdistys.fi\/wp-content\/uploads\/2022\/08\/affeuuhi_xcr_rajattu-400x262.jpg 400w, https:\/\/lammasyhdistys.fi\/wp-content\/uploads\/2022\/08\/affeuuhi_xcr_rajattu-600x392.jpg 600w, https:\/\/lammasyhdistys.fi\/wp-content\/uploads\/2022\/08\/affeuuhi_xcr_rajattu-768x502.jpg 768w, https:\/\/lammasyhdistys.fi\/wp-content\/uploads\/2022\/08\/affeuuhi_xcr_rajattu-800x523.jpg 800w, https:\/\/lammasyhdistys.fi\/wp-content\/uploads\/2022\/08\/affeuuhi_xcr_rajattu-1024x670.jpg 1024w, https:\/\/lammasyhdistys.fi\/wp-content\/uploads\/2022\/08\/affeuuhi_xcr_rajattu-1200x785.jpg 1200w, https:\/\/lammasyhdistys.fi\/wp-content\/uploads\/2022\/08\/affeuuhi_xcr_rajattu-1536x1004.jpg 1536w\" sizes=\"(max-width: 1024px) 100vw, 1024px\" \/><\/a>\n\t\t\t<\/dt>\n\t\t\t\t<dd class='wp-caption-text gallery-caption' id='gallery-1-17879'>\n\t\t\t\tHorned ewe\n\t\t\t\t<\/dd><\/dl><dl class='gallery-item'>\n\t\t\t<dt class='gallery-icon landscape'>\n\t\t\t\t<a data-rel=\"iLightbox[postimages]\" data-title=\"nuoret_affepassit\" data-caption=\"Young rams\" href='https:\/\/lammasyhdistys.fi\/wp-content\/uploads\/2022\/08\/nuoret_affepassit.jpg'><img decoding=\"async\" width=\"1024\" height=\"672\" src=\"https:\/\/lammasyhdistys.fi\/wp-content\/uploads\/2022\/08\/nuoret_affepassit-1024x672.jpg\" class=\"attachment-large size-large\" alt=\"\" aria-describedby=\"gallery-1-17882\" srcset=\"https:\/\/lammasyhdistys.fi\/wp-content\/uploads\/2022\/08\/nuoret_affepassit-200x131.jpg 200w, https:\/\/lammasyhdistys.fi\/wp-content\/uploads\/2022\/08\/nuoret_affepassit-300x197.jpg 300w, https:\/\/lammasyhdistys.fi\/wp-content\/uploads\/2022\/08\/nuoret_affepassit-400x263.jpg 400w, https:\/\/lammasyhdistys.fi\/wp-content\/uploads\/2022\/08\/nuoret_affepassit-600x394.jpg 600w, https:\/\/lammasyhdistys.fi\/wp-content\/uploads\/2022\/08\/nuoret_affepassit-768x504.jpg 768w, https:\/\/lammasyhdistys.fi\/wp-content\/uploads\/2022\/08\/nuoret_affepassit-800x525.jpg 800w, https:\/\/lammasyhdistys.fi\/wp-content\/uploads\/2022\/08\/nuoret_affepassit-1024x672.jpg 1024w, https:\/\/lammasyhdistys.fi\/wp-content\/uploads\/2022\/08\/nuoret_affepassit-1200x788.jpg 1200w, https:\/\/lammasyhdistys.fi\/wp-content\/uploads\/2022\/08\/nuoret_affepassit-1536x1009.jpg 1536w\" sizes=\"(max-width: 1024px) 100vw, 1024px\" \/><\/a>\n\t\t\t<\/dt>\n\t\t\t\t<dd class='wp-caption-text gallery-caption' id='gallery-1-17882'>\n\t\t\t\tYoung rams\n\t\t\t\t<\/dd><\/dl>\n\t\t\t<br style='clear: both' \/>\n\t\t<\/div>\n\n<h3 data-fontsize=\"23\" style=\"--fontSize: 23; line-height: 1.3;\" data-lineheight=\"30px\" class=\"fusion-responsive-typography-calculated\">For a breed overwiew and extensive information visit the breed association&#8217;s site at:<\/h3>\n<p><a href=\"http:\/\/www.alandsfaret.ax\/kuvaus.html\">F\u00f6reningen \u00c5landsf\u00e5ret r.f &gt;<\/a><br \/>\nPlease, use Google Translate!<\/p>\n<p>Unlike other sheep breeds in Finland, breeding of the \u00c5land sheep (breed designation AA1) is monitored by the breed association \u00c5landsf\u00e5ret r.f.<\/p>\n<h3 data-fontsize=\"23\" style=\"--fontSize: 23; line-height: 1.3;\" data-lineheight=\"30px\" class=\"fusion-responsive-typography-calculated\">A bachelor&#8217;s thesis on the ram lines of the \u00c5land Sheep can be found here:<\/h3>\n<p>Katja Sikka: <a href=\"https:\/\/lammasyhdistys.fi\/wp-content\/uploads\/2018\/06\/Sikka_Katja_ahvenanmaanlampaan_p\u00e4ssilinjat_opinn\u00e4yte.pdf\" target=\"_blank\" rel=\"noopener\">Ahvenanmaanlampaan p\u00e4ssilinjat<\/a><br \/>\nOpinn\u00e4ytety\u00f6 HAMK 2011<\/p><\/p>\n<\/div><\/div><\/div><\/div><\/div><div class=\"fusion-fullwidth fullwidth-box fusion-builder-row-2 fusion-flex-container has-pattern-background has-mask-background nonhundred-percent-fullwidth non-hundred-percent-height-scrolling\" style=\"--awb-border-radius-top-left:0px;--awb-border-radius-top-right:0px;--awb-border-radius-bottom-right:0px;--awb-border-radius-bottom-left:0px;--awb-flex-wrap:wrap;\" ><div class=\"fusion-builder-row fusion-row fusion-flex-align-items-flex-start fusion-flex-content-wrap\" style=\"max-width:1248px;margin-left: calc(-4% \/ 2 );margin-right: calc(-4% \/ 2 );\"><div class=\"fusion-layout-column fusion_builder_column fusion-builder-column-1 fusion_builder_column_2_3 2_3 fusion-flex-column\" style=\"--awb-bg-size:cover;--awb-width-large:66.666666666667%;--awb-margin-top-large:0px;--awb-spacing-right-large:2.88%;--awb-margin-bottom-large:20px;--awb-spacing-left-large:2.88%;--awb-width-medium:66.666666666667%;--awb-order-medium:0;--awb-spacing-right-medium:2.88%;--awb-spacing-left-medium:2.88%;--awb-width-small:100%;--awb-order-small:0;--awb-spacing-right-small:1.92%;--awb-spacing-left-small:1.92%;\"><div class=\"fusion-column-wrapper fusion-column-has-shadow fusion-flex-justify-content-flex-start fusion-content-layout-column\"><div class=\"fusion-text fusion-text-2\"><h3>Qualified Breeding Farm in 2025<\/h3>\n<p>Pasi Aholaita and Satu Alajoki, <a href=\"https:\/\/aholaidantila.fi\/\" target=\"_blank\" rel=\"noopener noreferrer\">Aholaidan Lammastila<\/a><\/p>\n<\/div><\/div><\/div><div class=\"fusion-layout-column fusion_builder_column fusion-builder-column-2 fusion_builder_column_1_3 1_3 fusion-flex-column\" style=\"--awb-bg-size:cover;--awb-width-large:33.333333333333%;--awb-margin-top-large:0px;--awb-spacing-right-large:5.76%;--awb-margin-bottom-large:20px;--awb-spacing-left-large:5.76%;--awb-width-medium:33.333333333333%;--awb-order-medium:0;--awb-spacing-right-medium:5.76%;--awb-spacing-left-medium:5.76%;--awb-width-small:100%;--awb-order-small:0;--awb-spacing-right-small:1.92%;--awb-spacing-left-small:1.92%;\"><div class=\"fusion-column-wrapper fusion-column-has-shadow fusion-flex-justify-content-flex-start fusion-content-layout-column\"><div class=\"fusion-image-element \" style=\"--awb-caption-title-font-family:var(--h2_typography-font-family);--awb-caption-title-font-weight:var(--h2_typography-font-weight);--awb-caption-title-font-style:var(--h2_typography-font-style);--awb-caption-title-size:var(--h2_typography-font-size);--awb-caption-title-transform:var(--h2_typography-text-transform);--awb-caption-title-line-height:var(--h2_typography-line-height);--awb-caption-title-letter-spacing:var(--h2_typography-letter-spacing);\"><span class=\" fusion-imageframe imageframe-none imageframe-1 hover-type-none\"><img decoding=\"async\" width=\"150\" height=\"150\" title=\"Qualified_Breeding_Farm_2024_200dpi\" src=\"https:\/\/lammasyhdistys.fi\/wp-content\/uploads\/2024\/05\/Qualified_Breeding_Farm_2024_200dpi-150x150.png\" alt class=\"img-responsive wp-image-24277\"\/><\/span><\/div><\/div><\/div><\/div><\/div><div class=\"fusion-fullwidth fullwidth-box fusion-builder-row-3 fusion-flex-container has-pattern-background has-mask-background nonhundred-percent-fullwidth non-hundred-percent-height-scrolling\" style=\"--awb-border-radius-top-left:0px;--awb-border-radius-top-right:0px;--awb-border-radius-bottom-right:0px;--awb-border-radius-bottom-left:0px;--awb-flex-wrap:wrap;\" ><div class=\"fusion-builder-row fusion-row fusion-flex-align-items-flex-start fusion-flex-content-wrap\" style=\"max-width:1248px;margin-left: calc(-4% \/ 2 );margin-right: calc(-4% \/ 2 );\"><div class=\"fusion-layout-column fusion_builder_column fusion-builder-column-3 fusion_builder_column_1_1 1_1 fusion-flex-column\" style=\"--awb-bg-size:cover;--awb-width-large:100%;--awb-margin-top-large:0px;--awb-spacing-right-large:1.92%;--awb-margin-bottom-large:20px;--awb-spacing-left-large:1.92%;--awb-width-medium:100%;--awb-order-medium:0;--awb-spacing-right-medium:1.92%;--awb-spacing-left-medium:1.92%;--awb-width-small:100%;--awb-order-small:0;--awb-spacing-right-small:1.92%;--awb-spacing-left-small:1.92%;\"><div class=\"fusion-column-wrapper fusion-column-has-shadow fusion-flex-justify-content-flex-start fusion-content-layout-column\"><div class=\"fusion-text fusion-text-3\"><h3>More information <a href=\"https:\/\/lammasyhdistys.fi\/ahvenanmaanlammas-alandsfar-aland-sheep\/\" target=\"_blank\" rel=\"noopener noreferrer\">here &gt;<\/a><\/h3>\n<\/div><\/div><\/div><\/div><\/div><div class=\"fusion-fullwidth fullwidth-box fusion-builder-row-4 fusion-flex-container has-pattern-background has-mask-background nonhundred-percent-fullwidth non-hundred-percent-height-scrolling\" style=\"--awb-border-radius-top-left:0px;--awb-border-radius-top-right:0px;--awb-border-radius-bottom-right:0px;--awb-border-radius-bottom-left:0px;--awb-flex-wrap:wrap;\" ><div class=\"fusion-builder-row fusion-row fusion-flex-align-items-flex-start fusion-flex-content-wrap\" style=\"max-width:1248px;margin-left: calc(-4% \/ 2 );margin-right: calc(-4% \/ 2 );\"><div class=\"fusion-layout-column fusion_builder_column fusion-builder-column-4 fusion_builder_column_1_2 1_2 fusion-flex-column\" style=\"--awb-bg-size:cover;--awb-width-large:50%;--awb-margin-top-large:0px;--awb-spacing-right-large:3.84%;--awb-margin-bottom-large:20px;--awb-spacing-left-large:3.84%;--awb-width-medium:50%;--awb-order-medium:0;--awb-spacing-right-medium:3.84%;--awb-spacing-left-medium:3.84%;--awb-width-small:100%;--awb-order-small:0;--awb-spacing-right-small:1.92%;--awb-spacing-left-small:1.92%;\"><div class=\"fusion-column-wrapper fusion-column-has-shadow fusion-flex-justify-content-flex-start fusion-content-layout-column\"><div class=\"fusion-image-element \" style=\"--awb-caption-title-font-family:var(--h2_typography-font-family);--awb-caption-title-font-weight:var(--h2_typography-font-weight);--awb-caption-title-font-style:var(--h2_typography-font-style);--awb-caption-title-size:var(--h2_typography-font-size);--awb-caption-title-transform:var(--h2_typography-text-transform);--awb-caption-title-line-height:var(--h2_typography-line-height);--awb-caption-title-letter-spacing:var(--h2_typography-letter-spacing);\"><span class=\" fusion-imageframe imageframe-none imageframe-2 hover-type-none\"><img decoding=\"async\" width=\"600\" height=\"424\" title=\"Ahvenanmaanlammas_uuhet_karitsoineen_nettikoko_72dpi\" src=\"https:\/\/lammasyhdistys.fi\/wp-content\/uploads\/2024\/01\/Ahvenanmaanlammas_uuhet_karitsoineen_nettikoko_72dpi-600x424.jpg\" alt class=\"img-responsive wp-image-22552\" srcset=\"https:\/\/lammasyhdistys.fi\/wp-content\/uploads\/2024\/01\/Ahvenanmaanlammas_uuhet_karitsoineen_nettikoko_72dpi-200x141.jpg 200w, https:\/\/lammasyhdistys.fi\/wp-content\/uploads\/2024\/01\/Ahvenanmaanlammas_uuhet_karitsoineen_nettikoko_72dpi-400x283.jpg 400w, https:\/\/lammasyhdistys.fi\/wp-content\/uploads\/2024\/01\/Ahvenanmaanlammas_uuhet_karitsoineen_nettikoko_72dpi-600x424.jpg 600w, https:\/\/lammasyhdistys.fi\/wp-content\/uploads\/2024\/01\/Ahvenanmaanlammas_uuhet_karitsoineen_nettikoko_72dpi-800x565.jpg 800w, https:\/\/lammasyhdistys.fi\/wp-content\/uploads\/2024\/01\/Ahvenanmaanlammas_uuhet_karitsoineen_nettikoko_72dpi-1200x848.jpg 1200w\" sizes=\"(max-width: 640px) 100vw, 600px\" \/><\/span><\/div><\/div><\/div><div class=\"fusion-layout-column fusion_builder_column fusion-builder-column-5 fusion_builder_column_1_2 1_2 fusion-flex-column\" style=\"--awb-bg-size:cover;--awb-width-large:50%;--awb-margin-top-large:0px;--awb-spacing-right-large:3.84%;--awb-margin-bottom-large:20px;--awb-spacing-left-large:3.84%;--awb-width-medium:50%;--awb-order-medium:0;--awb-spacing-right-medium:3.84%;--awb-spacing-left-medium:3.84%;--awb-width-small:100%;--awb-order-small:0;--awb-spacing-right-small:1.92%;--awb-spacing-left-small:1.92%;\"><div class=\"fusion-column-wrapper fusion-column-has-shadow fusion-flex-justify-content-flex-start fusion-content-layout-column\"><div class=\"fusion-image-element \" style=\"--awb-caption-title-font-family:var(--h2_typography-font-family);--awb-caption-title-font-weight:var(--h2_typography-font-weight);--awb-caption-title-font-style:var(--h2_typography-font-style);--awb-caption-title-size:var(--h2_typography-font-size);--awb-caption-title-transform:var(--h2_typography-text-transform);--awb-caption-title-line-height:var(--h2_typography-line-height);--awb-caption-title-letter-spacing:var(--h2_typography-letter-spacing);\"><span class=\" fusion-imageframe imageframe-none imageframe-3 hover-type-none\"><img decoding=\"async\" width=\"600\" height=\"424\" title=\"Ahvenanmaan_p\u00e4ssi_nettikoko_72dpi_3095x2187px\" src=\"https:\/\/lammasyhdistys.fi\/wp-content\/uploads\/2024\/01\/Ahvenanmaan_passi_nettikoko_72dpi_3095x2187px-600x424.jpg\" alt class=\"img-responsive wp-image-22549\" srcset=\"https:\/\/lammasyhdistys.fi\/wp-content\/uploads\/2024\/01\/Ahvenanmaan_passi_nettikoko_72dpi_3095x2187px-200x141.jpg 200w, https:\/\/lammasyhdistys.fi\/wp-content\/uploads\/2024\/01\/Ahvenanmaan_passi_nettikoko_72dpi_3095x2187px-400x283.jpg 400w, https:\/\/lammasyhdistys.fi\/wp-content\/uploads\/2024\/01\/Ahvenanmaan_passi_nettikoko_72dpi_3095x2187px-600x424.jpg 600w, https:\/\/lammasyhdistys.fi\/wp-content\/uploads\/2024\/01\/Ahvenanmaan_passi_nettikoko_72dpi_3095x2187px-800x565.jpg 800w, https:\/\/lammasyhdistys.fi\/wp-content\/uploads\/2024\/01\/Ahvenanmaan_passi_nettikoko_72dpi_3095x2187px-1200x848.jpg 1200w\" sizes=\"(max-width: 640px) 100vw, 600px\" \/><\/span><\/div><\/div><\/div><\/div><\/div><\/p>\n","protected":false},"excerpt":{"rendered":"","protected":false},"author":7,"featured_media":0,"parent":0,"menu_order":0,"comment_status":"closed","ping_status":"closed","template":"","meta":{"footnotes":""},"class_list":["post-17838","page","type-page","status-publish","hentry"],"_links":{"self":[{"href":"https:\/\/lammasyhdistys.fi\/en\/wp-json\/wp\/v2\/pages\/17838","targetHints":{"allow":["GET"]}}],"collection":[{"href":"https:\/\/lammasyhdistys.fi\/en\/wp-json\/wp\/v2\/pages"}],"about":[{"href":"https:\/\/lammasyhdistys.fi\/en\/wp-json\/wp\/v2\/types\/page"}],"author":[{"embeddable":true,"href":"https:\/\/lammasyhdistys.fi\/en\/wp-json\/wp\/v2\/users\/7"}],"replies":[{"embeddable":true,"href":"https:\/\/lammasyhdistys.fi\/en\/wp-json\/wp\/v2\/comments?post=17838"}],"version-history":[{"count":8,"href":"https:\/\/lammasyhdistys.fi\/en\/wp-json\/wp\/v2\/pages\/17838\/revisions"}],"predecessor-version":[{"id":26607,"href":"https:\/\/lammasyhdistys.fi\/en\/wp-json\/wp\/v2\/pages\/17838\/revisions\/26607"}],"wp:attachment":[{"href":"https:\/\/lammasyhdistys.fi\/en\/wp-json\/wp\/v2\/media?parent=17838"}],"curies":[{"name":"wp","href":"https:\/\/api.w.org\/{rel}","templated":true}]}}